{"id":4500,"date":"2021-08-25T08:13:36","date_gmt":"2021-08-25T08:13:36","guid":{"rendered":"https:\/\/camperelfstedentocht.nl\/wohnmobil-mieten\/"},"modified":"2026-02-09T12:42:01","modified_gmt":"2026-02-09T12:42:01","slug":"wohnmobil-mieten","status":"publish","type":"page","link":"https:\/\/camperelfstedentocht.nl\/de\/wohnmobil-mieten\/","title":{"rendered":"Wohnmobil mieten"},"content":{"rendered":"\t\t<div data-elementor-type=\"wp-page\" data-elementor-id=\"4500\" class=\"elementor elementor-4500 elementor-3574\" data-elementor-post-type=\"page\">\n\t\t\t\t<div class=\"elementor-element elementor-element-e3b9b42 e-flex e-con-boxed e-con e-parent\" data-id=\"e3b9b42\" data-element_type=\"container\" data-e-type=\"container\" data-settings=\"{&quot;background_background&quot;:&quot;classic&quot;,&quot;jet_parallax_layout_list&quot;:[]}\">\n\t\t\t\t\t<div class=\"e-con-inner\">\n\t\t\t\t<div class=\"elementor-element elementor-element-732d2f0 elementor-widget elementor-widget-heading\" data-id=\"732d2f0\" data-element_type=\"widget\" data-e-type=\"widget\" data-widget_type=\"heading.default\">\n\t\t\t\t\t<h1 class=\"elementor-heading-title elementor-size-default\">Wohnmobil mieten<\/h1>\t\t\t\t<\/div>\n\t\t\t\t\t<\/div>\n\t\t\t\t<\/div>\n\t\t<div class=\"elementor-element elementor-element-b263b87 e-flex e-con-boxed e-con e-parent\" data-id=\"b263b87\" data-element_type=\"container\" data-e-type=\"container\" data-settings=\"{&quot;jet_parallax_layout_list&quot;:[]}\">\n\t\t\t\t\t<div class=\"e-con-inner\">\n\t\t<div class=\"elementor-element elementor-element-bc83ac0 e-con-full e-flex e-con e-child\" data-id=\"bc83ac0\" data-element_type=\"container\" data-e-type=\"container\" data-settings=\"{&quot;jet_parallax_layout_list&quot;:[]}\">\n\t\t\t\t<div class=\"elementor-element elementor-element-9fd97cf elementor-widget elementor-widget-heading\" data-id=\"9fd97cf\" data-element_type=\"widget\" data-e-type=\"widget\" data-settings=\"{&quot;_animation_mobile&quot;:&quot;none&quot;}\" data-widget_type=\"heading.default\">\n\t\t\t\t\t<h2 class=\"elementor-heading-title elementor-size-default\">Noch keine Transportm\u00f6glichkeiten?<\/h2>\t\t\t\t<\/div>\n\t\t\t\t<div class=\"elementor-element elementor-element-fa996e5 elementor-widget elementor-widget-heading\" data-id=\"fa996e5\" data-element_type=\"widget\" data-e-type=\"widget\" data-settings=\"{&quot;_animation_mobile&quot;:&quot;none&quot;}\" data-widget_type=\"heading.default\">\n\t\t\t\t\t<h2 class=\"elementor-heading-title elementor-size-default\">Mieten Sie ein Wohnmobil<\/h2>\t\t\t\t<\/div>\n\t\t\t\t<div class=\"elementor-element elementor-element-e66a22f elementor-widget elementor-widget-text-editor\" data-id=\"e66a22f\" data-element_type=\"widget\" data-e-type=\"widget\" data-settings=\"{&quot;_animation_mobile&quot;:&quot;none&quot;}\" data-widget_type=\"text-editor.default\">\n\t\t\t\t\t\t\t\t\t<p>Du hast selbst kein Wohnmobil, m\u00f6chtest aber trotzdem an der Camperelfstedentocht teilnehmen? Kein Problem! Du kannst dir auch eins mieten \u2013 entweder von einer Privatperson oder von einem H\u00e4ndler.<\/p>\t\t\t\t\t\t\t\t<\/div>\n\t\t\t\t<\/div>\n\t\t<div class=\"elementor-element elementor-element-d7ec166 e-con-full e-flex e-con e-child\" data-id=\"d7ec166\" data-element_type=\"container\" data-e-type=\"container\" data-settings=\"{&quot;jet_parallax_layout_list&quot;:[]}\">\n\t\t\t\t<div class=\"elementor-element elementor-element-e986ce0 elementor-widget elementor-widget-image\" data-id=\"e986ce0\" data-element_type=\"widget\" data-e-type=\"widget\" data-widget_type=\"image.default\">\n\t\t\t\t\t\t\t\t\t\t\t\t\t\t\t<img fetchpriority=\"high\" decoding=\"async\" width=\"800\" height=\"584\" src=\"https:\/\/camperelfstedentocht.nl\/wp-content\/uploads\/2026\/02\/tegeltjesbrug-1024x748.webp\" class=\"attachment-large size-large wp-image-9309\" alt=\"\" srcset=\"https:\/\/camperelfstedentocht.nl\/wp-content\/uploads\/2026\/02\/tegeltjesbrug-1024x748.webp 1024w, https:\/\/camperelfstedentocht.nl\/wp-content\/uploads\/2026\/02\/tegeltjesbrug-300x219.webp 300w, https:\/\/camperelfstedentocht.nl\/wp-content\/uploads\/2026\/02\/tegeltjesbrug-768x561.webp 768w, https:\/\/camperelfstedentocht.nl\/wp-content\/uploads\/2026\/02\/tegeltjesbrug.webp 1200w\" sizes=\"(max-width: 800px) 100vw, 800px\" loading=\"eager\" \/>\t\t\t\t\t\t\t\t\t\t\t\t\t\t\t<\/div>\n\t\t\t\t<\/div>\n\t\t\t\t\t<\/div>\n\t\t\t\t<\/div>\n\t\t<div class=\"elementor-element elementor-element-46d36b6 e-flex e-con-boxed e-con e-parent\" data-id=\"46d36b6\" data-element_type=\"container\" data-e-type=\"container\" data-settings=\"{&quot;jet_parallax_layout_list&quot;:[],&quot;background_background&quot;:&quot;classic&quot;}\">\n\t\t\t\t\t<div class=\"e-con-inner\">\n\t\t<div class=\"elementor-element elementor-element-67039a7 e-con-full e-flex e-con e-child\" data-id=\"67039a7\" data-element_type=\"container\" data-e-type=\"container\" data-settings=\"{&quot;jet_parallax_layout_list&quot;:[]}\">\n\t\t\t\t<div class=\"elementor-element elementor-element-6d36e75 elementor-widget elementor-widget-heading\" data-id=\"6d36e75\" data-element_type=\"widget\" data-e-type=\"widget\" data-settings=\"{&quot;_animation_mobile&quot;:&quot;none&quot;}\" data-widget_type=\"heading.default\">\n\t\t\t\t\t<h2 class=\"elementor-heading-title elementor-size-default\">Noch keine Transportm\u00f6glichkeiten?<\/h2>\t\t\t\t<\/div>\n\t\t\t\t<div class=\"elementor-element elementor-element-7a2154d elementor-widget elementor-widget-heading\" data-id=\"7a2154d\" data-element_type=\"widget\" data-e-type=\"widget\" data-settings=\"{&quot;_animation_mobile&quot;:&quot;none&quot;}\" data-widget_type=\"heading.default\">\n\t\t\t\t\t<h2 class=\"elementor-heading-title elementor-size-default\">Mieten Sie ein Wohnmobil privat<\/h2>\t\t\t\t<\/div>\n\t\t\t\t<div class=\"elementor-element elementor-element-bdb5d0a elementor-widget elementor-widget-text-editor\" data-id=\"bdb5d0a\" data-element_type=\"widget\" data-e-type=\"widget\" data-settings=\"{&quot;_animation_mobile&quot;:&quot;none&quot;}\" data-widget_type=\"text-editor.default\">\n\t\t\t\t\t\t\t\t\t<div><div class=\"\" dir=\"ltr\"><div class=\"\">Sie m\u00f6chten f\u00fcr die Elf-St\u00e4dte-Tour ein Wohnmobil mieten? Dann sind Sie bei Goboony genau richtig! Das Tolle an Goboony ist, dass Sie von einem privaten Vermieter mieten. Dadurch haben Sie die gr\u00f6\u00dfte Auswahl an Wohnmobilen in den Niederlanden und mieten vielleicht sogar das Wohnmobil von jemandem aus Ihrer Nachbarschaft. Buchen Sie Ihr Wunsch-Wohnmobil einfach, sicher und g\u00fcnstig bei Goboony und erleben Sie die ultimative Freiheit auf der Elf-St\u00e4dte-Tour.<\/div><\/div><\/div>\t\t\t\t\t\t\t\t<\/div>\n\t\t\t\t<\/div>\n\t\t<div class=\"elementor-element elementor-element-fbc5f77 e-con-full e-flex e-con e-child\" data-id=\"fbc5f77\" data-element_type=\"container\" data-e-type=\"container\" data-settings=\"{&quot;jet_parallax_layout_list&quot;:[]}\">\n\t\t\t\t<div class=\"elementor-element elementor-element-95e82f5 elementor-widget elementor-widget-image\" data-id=\"95e82f5\" data-element_type=\"widget\" data-e-type=\"widget\" data-widget_type=\"image.default\">\n\t\t\t\t\t\t\t\t\t\t\t\t\t\t\t<img decoding=\"async\" width=\"683\" height=\"1024\" src=\"https:\/\/camperelfstedentocht.nl\/wp-content\/uploads\/2026\/02\/Campershoot-Herfst62-scaled-1-683x1024.webp\" class=\"attachment-large size-large wp-image-9554\" alt=\"\" srcset=\"https:\/\/camperelfstedentocht.nl\/wp-content\/uploads\/2026\/02\/Campershoot-Herfst62-scaled-1-683x1024.webp 683w, https:\/\/camperelfstedentocht.nl\/wp-content\/uploads\/2026\/02\/Campershoot-Herfst62-scaled-1-200x300.webp 200w, https:\/\/camperelfstedentocht.nl\/wp-content\/uploads\/2026\/02\/Campershoot-Herfst62-scaled-1-768x1152.webp 768w, https:\/\/camperelfstedentocht.nl\/wp-content\/uploads\/2026\/02\/Campershoot-Herfst62-scaled-1.webp 1600w\" sizes=\"(max-width: 683px) 100vw, 683px\" loading=\"eager\" \/>\t\t\t\t\t\t\t\t\t\t\t\t\t\t\t<\/div>\n\t\t\t\t<\/div>\n\t\t\t\t\t<\/div>\n\t\t\t\t<\/div>\n\t\t<div class=\"elementor-element elementor-element-5fab1b4 e-flex e-con-boxed e-con e-parent\" data-id=\"5fab1b4\" data-element_type=\"container\" data-e-type=\"container\" data-settings=\"{&quot;jet_parallax_layout_list&quot;:[]}\">\n\t\t\t\t\t<div class=\"e-con-inner\">\n\t\t<div class=\"elementor-element elementor-element-ebc0618 e-con-full e-flex e-con e-child\" data-id=\"ebc0618\" data-element_type=\"container\" data-e-type=\"container\" data-settings=\"{&quot;jet_parallax_layout_list&quot;:[]}\">\n\t\t\t\t<div class=\"elementor-element elementor-element-154c932 elementor-widget elementor-widget-heading\" data-id=\"154c932\" data-element_type=\"widget\" data-e-type=\"widget\" data-settings=\"{&quot;_animation_mobile&quot;:&quot;none&quot;}\" data-widget_type=\"heading.default\">\n\t\t\t\t\t<h2 class=\"elementor-heading-title elementor-size-default\">Noch keine Transportm\u00f6glichkeiten?<\/h2>\t\t\t\t<\/div>\n\t\t\t\t<div class=\"elementor-element elementor-element-aa1a9af elementor-widget elementor-widget-heading\" data-id=\"aa1a9af\" data-element_type=\"widget\" data-e-type=\"widget\" data-settings=\"{&quot;_animation_mobile&quot;:&quot;none&quot;}\" data-widget_type=\"heading.default\">\n\t\t\t\t\t<h2 class=\"elementor-heading-title elementor-size-default\">Mieten Sie ein Wohnmobil beim H\u00e4ndler<\/h2>\t\t\t\t<\/div>\n\t\t\t\t<div class=\"elementor-element elementor-element-0f4132f elementor-widget elementor-widget-text-editor\" data-id=\"0f4132f\" data-element_type=\"widget\" data-e-type=\"widget\" data-settings=\"{&quot;_animation_mobile&quot;:&quot;none&quot;}\" data-widget_type=\"text-editor.default\">\n\t\t\t\t\t\t\t\t\t<p>Neben dem Adria Camper Center in den Niederlanden vermietet auch Aversch Campers neue und gebrauchte Wohnmobile. Entdecken Sie die verschiedenen Modelle von Adria und Sunliving. Wir finden garantiert das passende Wohnmobil f\u00fcr Ihre Bed\u00fcrfnisse und beraten Sie kompetent zu Ihrer Elf-St\u00e4dte-Tour oder jedem anderen Urlaubsziel.<\/p>\t\t\t\t\t\t\t\t<\/div>\n\t\t\t\t<\/div>\n\t\t<div class=\"elementor-element elementor-element-6450bbf e-con-full e-flex e-con e-child\" data-id=\"6450bbf\" data-element_type=\"container\" data-e-type=\"container\" data-settings=\"{&quot;jet_parallax_layout_list&quot;:[]}\">\n\t\t\t\t<div class=\"elementor-element elementor-element-e1ce48f elementor-widget elementor-widget-image\" data-id=\"e1ce48f\" data-element_type=\"widget\" data-e-type=\"widget\" data-widget_type=\"image.default\">\n\t\t\t\t\t\t\t\t\t\t\t\t\t\t\t<img decoding=\"async\" width=\"800\" height=\"534\" src=\"https:\/\/camperelfstedentocht.nl\/wp-content\/uploads\/2026\/02\/image-10-1024x683.webp\" class=\"attachment-large size-large wp-image-9555\" alt=\"\" srcset=\"https:\/\/camperelfstedentocht.nl\/wp-content\/uploads\/2026\/02\/image-10-1024x683.webp 1024w, https:\/\/camperelfstedentocht.nl\/wp-content\/uploads\/2026\/02\/image-10-300x200.webp 300w, https:\/\/camperelfstedentocht.nl\/wp-content\/uploads\/2026\/02\/image-10-768x512.webp 768w, https:\/\/camperelfstedentocht.nl\/wp-content\/uploads\/2026\/02\/image-10.webp 1200w\" sizes=\"(max-width: 800px) 100vw, 800px\" loading=\"eager\" \/>\t\t\t\t\t\t\t\t\t\t\t\t\t\t\t<\/div>\n\t\t\t\t<\/div>\n\t\t\t\t\t<\/div>\n\t\t\t\t<\/div>\n\t\t<div class=\"elementor-element elementor-element-877f96e e-flex e-con-boxed e-con e-parent\" data-id=\"877f96e\" data-element_type=\"container\" data-e-type=\"container\" data-settings=\"{&quot;jet_parallax_layout_list&quot;:[],&quot;background_background&quot;:&quot;classic&quot;}\">\n\t\t\t\t\t<div class=\"e-con-inner\">\n\t\t<div class=\"elementor-element elementor-element-d7d6d5a e-con-full e-flex e-con e-child\" data-id=\"d7d6d5a\" data-element_type=\"container\" data-e-type=\"container\" data-settings=\"{&quot;jet_parallax_layout_list&quot;:[]}\">\n\t\t\t\t<div class=\"elementor-element elementor-element-3726619 elementor-widget elementor-widget-heading\" data-id=\"3726619\" data-element_type=\"widget\" data-e-type=\"widget\" data-settings=\"{&quot;_animation_mobile&quot;:&quot;none&quot;}\" data-widget_type=\"heading.default\">\n\t\t\t\t\t<h2 class=\"elementor-heading-title elementor-size-default\">Noch keine Transportm\u00f6glichkeiten?<\/h2>\t\t\t\t<\/div>\n\t\t\t\t<div class=\"elementor-element elementor-element-2374cd7 elementor-widget elementor-widget-heading\" data-id=\"2374cd7\" data-element_type=\"widget\" data-e-type=\"widget\" data-settings=\"{&quot;_animation_mobile&quot;:&quot;none&quot;}\" data-widget_type=\"heading.default\">\n\t\t\t\t\t<h2 class=\"elementor-heading-title elementor-size-default\">Sie m\u00f6chten ein Wohnmobil kaufen oder verkaufen?<\/h2>\t\t\t\t<\/div>\n\t\t\t\t<div class=\"elementor-element elementor-element-6bdd58f elementor-widget elementor-widget-text-editor\" data-id=\"6bdd58f\" data-element_type=\"widget\" data-e-type=\"widget\" data-settings=\"{&quot;_animation_mobile&quot;:&quot;none&quot;}\" data-widget_type=\"text-editor.default\">\n\t\t\t\t\t\t\t\t\t<div class=\"\" dir=\"ltr\"><div class=\"\"><p>Sie m\u00f6chten einen neuen Camper kaufen oder sind bereit f\u00fcr ein neues Abenteuer? Hulshof Watersport en Campers kauft ganzj\u00e4hrig Camper. Kontaktieren Sie uns f\u00fcr ein Angebot. Der perfekte Camper f\u00fcr die Elf-St\u00e4dte-Tour wartet schon auf Sie! Hulshof ist bekannt f\u00fcr seinen individuellen Service. Weitere Informationen finden Sie unter <a href=\"http:\/\/www.hulshofwatersportencampers.nl\" target=\"_blank\" rel=\"noopener\">www.hulshofwatersportencampers.nl<\/a><\/p><\/div><\/div>\t\t\t\t\t\t\t\t<\/div>\n\t\t\t\t<\/div>\n\t\t<div class=\"elementor-element elementor-element-7461551 e-con-full e-flex e-con e-child\" data-id=\"7461551\" data-element_type=\"container\" data-e-type=\"container\" data-settings=\"{&quot;jet_parallax_layout_list&quot;:[]}\">\n\t\t\t\t<div class=\"elementor-element elementor-element-bcc53e6 elementor-widget elementor-widget-image\" data-id=\"bcc53e6\" data-element_type=\"widget\" data-e-type=\"widget\" data-widget_type=\"image.default\">\n\t\t\t\t\t\t\t\t\t\t\t\t\t\t\t<img decoding=\"async\" width=\"800\" height=\"450\" src=\"https:\/\/camperelfstedentocht.nl\/wp-content\/uploads\/2026\/02\/camping-1024x576.webp\" class=\"attachment-large size-large wp-image-9556\" alt=\"\" srcset=\"https:\/\/camperelfstedentocht.nl\/wp-content\/uploads\/2026\/02\/camping-1024x576.webp 1024w, https:\/\/camperelfstedentocht.nl\/wp-content\/uploads\/2026\/02\/camping-300x169.webp 300w, https:\/\/camperelfstedentocht.nl\/wp-content\/uploads\/2026\/02\/camping-768x432.webp 768w, https:\/\/camperelfstedentocht.nl\/wp-content\/uploads\/2026\/02\/camping.webp 2048w\" sizes=\"(max-width: 800px) 100vw, 800px\" loading=\"eager\" \/>\t\t\t\t\t\t\t\t\t\t\t\t\t\t\t<\/div>\n\t\t\t\t<\/div>\n\t\t\t\t\t<\/div>\n\t\t\t\t<\/div>\n\t\t\t\t<\/div>\n\t\t","protected":false},"excerpt":{"rendered":"<p>Noch keine Transportm\u00f6glichkeiten? Mieten Sie ein Wohnmobil Du hast selbst kein Wohnmobil, m\u00f6chtest aber trotzdem an der Camperelfstedentocht teilnehmen? Kein Problem! Du kannst dir auch eins mieten \u2013 entweder von einer Privatperson oder von einem H\u00e4ndler. Noch keine Transportm\u00f6glichkeiten? Mieten Sie ein Wohnmobil privat Sie m\u00f6chten f\u00fcr die Elf-St\u00e4dte-Tour ein Wohnmobil mieten? Dann sind Sie [&hellip;]<\/p>\n","protected":false},"author":1,"featured_media":4457,"parent":0,"menu_order":0,"comment_status":"closed","ping_status":"closed","template":"elementor_header_footer","meta":{"footnotes":""},"class_list":["post-4500","page","type-page","status-publish","has-post-thumbnail","hentry"],"yoast_head":"<!-- This site is optimized with the Yoast SEO plugin v27.4 - https:\/\/yoast.com\/product\/yoast-seo-wordpress\/ -->\n<title>Wohnmobil mieten - Camperelfstedentocht<\/title>\n<meta name=\"description\" content=\"Sie besitzen selbst kein Wohnmobil, m\u00f6chten aber trotzdem an der Camperelfstedentocht teilnehmen? Auch bei uns k\u00f6nnen Sie einen Camper mieten! Sie k\u00f6nnen eines von einer Privatperson oder einem H\u00e4ndler mieten.\" \/>\n<meta name=\"robots\" content=\"index, follow, max-snippet:-1, max-image-preview:large, max-video-preview:-1\" \/>\n<link rel=\"canonical\" href=\"https:\/\/camperelfstedentocht.nl\/de\/wohnmobil-mieten\/\" \/>\n<meta property=\"og:locale\" content=\"de_DE\" \/>\n<meta property=\"og:type\" content=\"article\" \/>\n<meta property=\"og:title\" content=\"Wohnmobil mieten - Camperelfstedentocht\" \/>\n<meta property=\"og:description\" content=\"Sie besitzen selbst kein Wohnmobil, m\u00f6chten aber trotzdem an der Camperelfstedentocht teilnehmen? Auch bei uns k\u00f6nnen Sie einen Camper mieten! Sie k\u00f6nnen eines von einer Privatperson oder einem H\u00e4ndler mieten.\" \/>\n<meta property=\"og:url\" content=\"https:\/\/camperelfstedentocht.nl\/de\/wohnmobil-mieten\/\" \/>\n<meta property=\"og:site_name\" content=\"Camperelfstedentocht\" \/>\n<meta property=\"article:modified_time\" content=\"2026-02-09T12:42:01+00:00\" \/>\n<meta property=\"og:image\" content=\"https:\/\/camperelfstedentocht.nl\/wp-content\/uploads\/2021\/07\/MG_2443-kopie\u0308ren-min-scaled.jpg\" \/>\n\t<meta property=\"og:image:width\" content=\"1707\" \/>\n\t<meta property=\"og:image:height\" content=\"2560\" \/>\n\t<meta property=\"og:image:type\" content=\"image\/jpeg\" \/>\n<meta name=\"twitter:card\" content=\"summary_large_image\" \/>\n<meta name=\"twitter:label1\" content=\"Gesch\u00e4tzte Lesezeit\" \/>\n\t<meta name=\"twitter:data1\" content=\"1\u00a0Minute\" \/>\n<script type=\"application\/ld+json\" class=\"yoast-schema-graph\">{\"@context\":\"https:\\\/\\\/schema.org\",\"@graph\":[{\"@type\":\"WebPage\",\"@id\":\"https:\\\/\\\/camperelfstedentocht.nl\\\/de\\\/wohnmobil-mieten\\\/\",\"url\":\"https:\\\/\\\/camperelfstedentocht.nl\\\/de\\\/wohnmobil-mieten\\\/\",\"name\":\"Wohnmobil mieten - Camperelfstedentocht\",\"isPartOf\":{\"@id\":\"https:\\\/\\\/camperelfstedentocht.nl\\\/de\\\/#website\"},\"primaryImageOfPage\":{\"@id\":\"https:\\\/\\\/camperelfstedentocht.nl\\\/de\\\/wohnmobil-mieten\\\/#primaryimage\"},\"image\":{\"@id\":\"https:\\\/\\\/camperelfstedentocht.nl\\\/de\\\/wohnmobil-mieten\\\/#primaryimage\"},\"thumbnailUrl\":\"https:\\\/\\\/camperelfstedentocht.nl\\\/wp-content\\\/uploads\\\/2021\\\/07\\\/MG_2443-kopie\u0308ren-min-scaled.jpg\",\"datePublished\":\"2021-08-25T08:13:36+00:00\",\"dateModified\":\"2026-02-09T12:42:01+00:00\",\"description\":\"Sie besitzen selbst kein Wohnmobil, m\u00f6chten aber trotzdem an der Camperelfstedentocht teilnehmen? Auch bei uns k\u00f6nnen Sie einen Camper mieten! Sie k\u00f6nnen eines von einer Privatperson oder einem H\u00e4ndler mieten.\",\"breadcrumb\":{\"@id\":\"https:\\\/\\\/camperelfstedentocht.nl\\\/de\\\/wohnmobil-mieten\\\/#breadcrumb\"},\"inLanguage\":\"de\",\"potentialAction\":[{\"@type\":\"ReadAction\",\"target\":[\"https:\\\/\\\/camperelfstedentocht.nl\\\/de\\\/wohnmobil-mieten\\\/\"]}]},{\"@type\":\"ImageObject\",\"inLanguage\":\"de\",\"@id\":\"https:\\\/\\\/camperelfstedentocht.nl\\\/de\\\/wohnmobil-mieten\\\/#primaryimage\",\"url\":\"https:\\\/\\\/camperelfstedentocht.nl\\\/wp-content\\\/uploads\\\/2021\\\/07\\\/MG_2443-kopie\u0308ren-min-scaled.jpg\",\"contentUrl\":\"https:\\\/\\\/camperelfstedentocht.nl\\\/wp-content\\\/uploads\\\/2021\\\/07\\\/MG_2443-kopie\u0308ren-min-scaled.jpg\",\"width\":1707,\"height\":2560,\"caption\":\"Reisemobilelfstedentocht\"},{\"@type\":\"BreadcrumbList\",\"@id\":\"https:\\\/\\\/camperelfstedentocht.nl\\\/de\\\/wohnmobil-mieten\\\/#breadcrumb\",\"itemListElement\":[{\"@type\":\"ListItem\",\"position\":1,\"name\":\"Home\",\"item\":\"https:\\\/\\\/camperelfstedentocht.nl\\\/de\\\/\"},{\"@type\":\"ListItem\",\"position\":2,\"name\":\"Wohnmobil mieten\"}]},{\"@type\":\"WebSite\",\"@id\":\"https:\\\/\\\/camperelfstedentocht.nl\\\/de\\\/#website\",\"url\":\"https:\\\/\\\/camperelfstedentocht.nl\\\/de\\\/\",\"name\":\"Camperelfstedentocht\",\"description\":\"De tocht der tochten, gewoon met de camper!\",\"publisher\":{\"@id\":\"https:\\\/\\\/camperelfstedentocht.nl\\\/de\\\/#organization\"},\"potentialAction\":[{\"@type\":\"SearchAction\",\"target\":{\"@type\":\"EntryPoint\",\"urlTemplate\":\"https:\\\/\\\/camperelfstedentocht.nl\\\/de\\\/?s={search_term_string}\"},\"query-input\":{\"@type\":\"PropertyValueSpecification\",\"valueRequired\":true,\"valueName\":\"search_term_string\"}}],\"inLanguage\":\"de\"},{\"@type\":\"Organization\",\"@id\":\"https:\\\/\\\/camperelfstedentocht.nl\\\/de\\\/#organization\",\"name\":\"Camperelfstedentocht\",\"url\":\"https:\\\/\\\/camperelfstedentocht.nl\\\/de\\\/\",\"logo\":{\"@type\":\"ImageObject\",\"inLanguage\":\"de\",\"@id\":\"https:\\\/\\\/camperelfstedentocht.nl\\\/de\\\/#\\\/schema\\\/logo\\\/image\\\/\",\"url\":\"https:\\\/\\\/camperelfstedentocht.nl\\\/wp-content\\\/uploads\\\/2020\\\/10\\\/Logo-1.png\",\"contentUrl\":\"https:\\\/\\\/camperelfstedentocht.nl\\\/wp-content\\\/uploads\\\/2020\\\/10\\\/Logo-1.png\",\"width\":1418,\"height\":659,\"caption\":\"Camperelfstedentocht\"},\"image\":{\"@id\":\"https:\\\/\\\/camperelfstedentocht.nl\\\/de\\\/#\\\/schema\\\/logo\\\/image\\\/\"}}]}<\/script>\n<!-- \/ Yoast SEO plugin. -->","yoast_head_json":{"title":"Wohnmobil mieten - Camperelfstedentocht","description":"Sie besitzen selbst kein Wohnmobil, m\u00f6chten aber trotzdem an der Camperelfstedentocht teilnehmen? Auch bei uns k\u00f6nnen Sie einen Camper mieten! Sie k\u00f6nnen eines von einer Privatperson oder einem H\u00e4ndler mieten.","robots":{"index":"index","follow":"follow","max-snippet":"max-snippet:-1","max-image-preview":"max-image-preview:large","max-video-preview":"max-video-preview:-1"},"canonical":"https:\/\/camperelfstedentocht.nl\/de\/wohnmobil-mieten\/","og_locale":"de_DE","og_type":"article","og_title":"Wohnmobil mieten - Camperelfstedentocht","og_description":"Sie besitzen selbst kein Wohnmobil, m\u00f6chten aber trotzdem an der Camperelfstedentocht teilnehmen? Auch bei uns k\u00f6nnen Sie einen Camper mieten! Sie k\u00f6nnen eines von einer Privatperson oder einem H\u00e4ndler mieten.","og_url":"https:\/\/camperelfstedentocht.nl\/de\/wohnmobil-mieten\/","og_site_name":"Camperelfstedentocht","article_modified_time":"2026-02-09T12:42:01+00:00","og_image":[{"width":1707,"height":2560,"url":"https:\/\/camperelfstedentocht.nl\/wp-content\/uploads\/2021\/07\/MG_2443-kopie\u0308ren-min-scaled.jpg","type":"image\/jpeg"}],"twitter_card":"summary_large_image","twitter_misc":{"Gesch\u00e4tzte Lesezeit":"1\u00a0Minute"},"schema":{"@context":"https:\/\/schema.org","@graph":[{"@type":"WebPage","@id":"https:\/\/camperelfstedentocht.nl\/de\/wohnmobil-mieten\/","url":"https:\/\/camperelfstedentocht.nl\/de\/wohnmobil-mieten\/","name":"Wohnmobil mieten - Camperelfstedentocht","isPartOf":{"@id":"https:\/\/camperelfstedentocht.nl\/de\/#website"},"primaryImageOfPage":{"@id":"https:\/\/camperelfstedentocht.nl\/de\/wohnmobil-mieten\/#primaryimage"},"image":{"@id":"https:\/\/camperelfstedentocht.nl\/de\/wohnmobil-mieten\/#primaryimage"},"thumbnailUrl":"https:\/\/camperelfstedentocht.nl\/wp-content\/uploads\/2021\/07\/MG_2443-kopie\u0308ren-min-scaled.jpg","datePublished":"2021-08-25T08:13:36+00:00","dateModified":"2026-02-09T12:42:01+00:00","description":"Sie besitzen selbst kein Wohnmobil, m\u00f6chten aber trotzdem an der Camperelfstedentocht teilnehmen? Auch bei uns k\u00f6nnen Sie einen Camper mieten! Sie k\u00f6nnen eines von einer Privatperson oder einem H\u00e4ndler mieten.","breadcrumb":{"@id":"https:\/\/camperelfstedentocht.nl\/de\/wohnmobil-mieten\/#breadcrumb"},"inLanguage":"de","potentialAction":[{"@type":"ReadAction","target":["https:\/\/camperelfstedentocht.nl\/de\/wohnmobil-mieten\/"]}]},{"@type":"ImageObject","inLanguage":"de","@id":"https:\/\/camperelfstedentocht.nl\/de\/wohnmobil-mieten\/#primaryimage","url":"https:\/\/camperelfstedentocht.nl\/wp-content\/uploads\/2021\/07\/MG_2443-kopie\u0308ren-min-scaled.jpg","contentUrl":"https:\/\/camperelfstedentocht.nl\/wp-content\/uploads\/2021\/07\/MG_2443-kopie\u0308ren-min-scaled.jpg","width":1707,"height":2560,"caption":"Reisemobilelfstedentocht"},{"@type":"BreadcrumbList","@id":"https:\/\/camperelfstedentocht.nl\/de\/wohnmobil-mieten\/#breadcrumb","itemListElement":[{"@type":"ListItem","position":1,"name":"Home","item":"https:\/\/camperelfstedentocht.nl\/de\/"},{"@type":"ListItem","position":2,"name":"Wohnmobil mieten"}]},{"@type":"WebSite","@id":"https:\/\/camperelfstedentocht.nl\/de\/#website","url":"https:\/\/camperelfstedentocht.nl\/de\/","name":"Camperelfstedentocht","description":"De tocht der tochten, gewoon met de camper!","publisher":{"@id":"https:\/\/camperelfstedentocht.nl\/de\/#organization"},"potentialAction":[{"@type":"SearchAction","target":{"@type":"EntryPoint","urlTemplate":"https:\/\/camperelfstedentocht.nl\/de\/?s={search_term_string}"},"query-input":{"@type":"PropertyValueSpecification","valueRequired":true,"valueName":"search_term_string"}}],"inLanguage":"de"},{"@type":"Organization","@id":"https:\/\/camperelfstedentocht.nl\/de\/#organization","name":"Camperelfstedentocht","url":"https:\/\/camperelfstedentocht.nl\/de\/","logo":{"@type":"ImageObject","inLanguage":"de","@id":"https:\/\/camperelfstedentocht.nl\/de\/#\/schema\/logo\/image\/","url":"https:\/\/camperelfstedentocht.nl\/wp-content\/uploads\/2020\/10\/Logo-1.png","contentUrl":"https:\/\/camperelfstedentocht.nl\/wp-content\/uploads\/2020\/10\/Logo-1.png","width":1418,"height":659,"caption":"Camperelfstedentocht"},"image":{"@id":"https:\/\/camperelfstedentocht.nl\/de\/#\/schema\/logo\/image\/"}}]}},"_links":{"self":[{"href":"https:\/\/camperelfstedentocht.nl\/de\/wp-json\/wp\/v2\/pages\/4500","targetHints":{"allow":["GET"]}}],"collection":[{"href":"https:\/\/camperelfstedentocht.nl\/de\/wp-json\/wp\/v2\/pages"}],"about":[{"href":"https:\/\/camperelfstedentocht.nl\/de\/wp-json\/wp\/v2\/types\/page"}],"author":[{"embeddable":true,"href":"https:\/\/camperelfstedentocht.nl\/de\/wp-json\/wp\/v2\/users\/1"}],"replies":[{"embeddable":true,"href":"https:\/\/camperelfstedentocht.nl\/de\/wp-json\/wp\/v2\/comments?post=4500"}],"version-history":[{"count":0,"href":"https:\/\/camperelfstedentocht.nl\/de\/wp-json\/wp\/v2\/pages\/4500\/revisions"}],"wp:featuredmedia":[{"embeddable":true,"href":"https:\/\/camperelfstedentocht.nl\/de\/wp-json\/wp\/v2\/media\/4457"}],"wp:attachment":[{"href":"https:\/\/camperelfstedentocht.nl\/de\/wp-json\/wp\/v2\/media?parent=4500"}],"curies":[{"name":"wp","href":"https:\/\/api.w.org\/{rel}","templated":true}]}}