{"id":4571,"date":"2021-08-25T13:26:06","date_gmt":"2021-08-25T13:26:06","guid":{"rendered":"https:\/\/camperelfstedentocht.nl\/datenschutzbestimmungen\/"},"modified":"2021-09-21T09:04:18","modified_gmt":"2021-09-21T09:04:18","slug":"datenschutzbestimmungen","status":"publish","type":"page","link":"https:\/\/camperelfstedentocht.nl\/de\/datenschutzbestimmungen\/","title":{"rendered":"Datenschutzbestimmungen"},"content":{"rendered":"<p><span style=\"font-weight: 400;\">Dies ist die Datenschutzerkl\u00e4rung von: Camperelfstedentocht mit Sitz in De Zwemmer 3, 8939 CA in Leeuwarden. Registrierungsnummer bei der Niederl\u00e4ndischen Handelskammer:\u00a001104415 mit NL001468330B92. Bei Fragen oder zur Kontaktaufnahme wenden Sie sich bitte an info@camperelfstedentocht.nl<\/span><\/p>\n<p><span style=\"font-weight: 400;\">Welche pers\u00f6nlichen Daten wir sammeln und warum wir sie sammeln<\/span><\/p>\n<p><span style=\"font-weight: 400;\">Kommentare<\/span><\/p>\n<p><span style=\"font-weight: 400;\">Wenn Besucher Kommentare auf der Website hinterlassen, sammeln wir die im Kommentarformular angezeigten Informationen, die IP-Adresse des Besuchers und den Browser Typen, um uns bei der Erkennung von Spam zu helfen.<\/span><\/p>\n<p><span style=\"font-weight: 400;\">Eine anonyme Zeichenkette, die aus Ihrer E-Mail-Adresse erstellt wird (auch Hash genannt), kann an den Gravatar-Dienst gesendet werden, wenn Sie diesen verwenden. Die Seite mit den Datenschutzbestimmungen finden Sie hier: https:\/\/automattic.com\/privacy\/. Nachdem Ihr Kommentar genehmigt wurde, ist Ihr Profilbild im Zusammenhang mit Ihrem Kommentar \u00f6ffentlich sichtbar.<\/span><\/p>\n<p><span style=\"font-weight: 400;\">Medien<\/span><\/p>\n<p><span style=\"font-weight: 400;\">Wenn Sie ein registrierter Benutzer sind und Bilder auf die Website hochladen, sollten Sie es vermeiden, Bilder hochzuladen, die EXIF-GPS-Standortdaten enthalten. Die Besucher der Website k\u00f6nnen die Bilder herunterladen und die Standortdaten einsehen.<\/span><\/p>\n<p><span style=\"font-weight: 400;\">Kontaktformulare<\/span><\/p>\n<p><span style=\"font-weight: 400;\">Die pers\u00f6nlichen Kontaktdaten werden beim Ausf\u00fcllen des Kontaktformulars erfasst. Diese Daten werden in unserer Mailbox gespeichert. Die pers\u00f6nlichen Kontaktdaten werden zu Dienstleistungszwecken aufbewahrt. Die aufbewahrten Kontaktdaten werden nicht f\u00fcr Werbezwecke verwendet.<\/span><\/p>\n<p><span style=\"font-weight: 400;\">Cookies<\/span><\/p>\n<p><span style=\"font-weight: 400;\">Wenn Sie einen Kommentar auf unserer Website hinterlassen, k\u00f6nnen Sie angeben, ob Ihr Name, Ihre E-Mail-Adresse und Ihr Standort in einem Cookie gespeichert werden d\u00fcrfen. Wir tun dies aus Gr\u00fcnden der Bequemlichkeit, damit Sie diese Angaben nicht erneut eingeben m\u00fcssen, wenn Sie erneut einen Kommentar hinterlassen. Diese Cookies sind ein Jahr lang g\u00fcltig.<\/span><\/p>\n<p><span style=\"font-weight: 400;\">Wenn Sie unsere Login-Seite besuchen, speichern wir ein tempor\u00e4res Cookie, um zu pr\u00fcfen, ob Ihr Browser Cookies akzeptiert. Dieses Cookie enth\u00e4lt keine pers\u00f6nlichen Daten und wird gel\u00f6scht, wenn Sie Ihren Browser schlie\u00dfen.<\/span><\/p>\n<p><span style=\"font-weight: 400;\">Wenn Sie sich anmelden, speichern wir einige Cookies, die sich auf Ihre Anmeldeinformationen und Bildschirmdarstellungsoptionen beziehen. Login-Cookies sind 2 Tage lang g\u00fcltig und Cookies f\u00fcr die Bildschirmoptionen sind 1 Jahr lang g\u00fcltig. Wenn Sie &#8222;Anmeldung Merken&#8220; w\u00e4hlen, wird Ihr Login f\u00fcr 2 Wochen gespeichert. Sobald Sie sich von Ihrem Konto abmelden, werden die Cookies f\u00fcr die Anmeldung gel\u00f6scht.<\/span><\/p>\n<p><span style=\"font-weight: 400;\">Wenn Sie einen Beitrag bearbeiten oder ver\u00f6ffentlichen, wird ein zus\u00e4tzliches Cookie von Ihrem Browser gespeichert. Dieser Cookie enth\u00e4lt keine pers\u00f6nlichen Daten, sondern lediglich die Artikel-ID des Artikels, den Sie bearbeitet haben. Dieses Cookie verf\u00e4llt nach einem Tag.<\/span><\/p>\n<p><span style=\"font-weight: 400;\">Eingebettete Inhalte von anderen Websites<\/span><\/p>\n<p><span style=\"font-weight: 400;\">Die Beitr\u00e4ge auf dieser Website k\u00f6nnen eingebettete Inhalte (z. B. Videos, Bilder, Nachrichten usw.) enthalten. Eingebettete Inhalte von anderen Websites verhalten sich genau so, als ob der Besucher diese andere Website besuchen w\u00fcrde.<\/span><\/p>\n<p><span style=\"font-weight: 400;\">Diese Websites k\u00f6nnen Informationen \u00fcber Sie sammeln, Cookies verwenden, zus\u00e4tzliche Trackingfunktionen von Dritten einbetten und Ihre Interaktion mit solchen eingebetteten Inhalten \u00fcberwachen, einschlie\u00dflich der Protokollierung Ihrer Interaktion mit eingebetteten Inhalten, wenn Sie ein Konto haben und auf ihrer Website angemeldet sind.<\/span><\/p>\n<p><span style=\"font-weight: 400;\">Sicherheitsprotokolle<\/span><\/p>\n<p><span style=\"font-weight: 400;\">Die IP-Adresse von Besuchern, die Benutzer-ID von angemeldeten Benutzern und der Benutzername von Anmeldeversuchen werden bedingt aufgezeichnet, um b\u00f6sartige Aktivit\u00e4ten zu \u00fcberwachen und die Website vor bestimmten Arten von Angriffen zu sch\u00fctzen. Beispiele f\u00fcr Protokollierungsbedingungen sind Anmeldeversuche, Abmeldeanfragen, Anfragen f\u00fcr verd\u00e4chtige URLs, \u00c4nderungen des Website-Inhalts und Passwortaktualisierungen. Diese Informationen werden 60 Tage lang gespeichert.<\/span><\/p>\n<p><span style=\"font-weight: 400;\">Auswertung<\/span><\/p>\n<p><span style=\"font-weight: 400;\">Wir versuchen, Ihre Erfahrungen mit unserer Website so gut und optimal wie m\u00f6glich zu gestalten. Dies ist nur m\u00f6glich, wenn wir wissen, was unsere Besucher auf der Website tun. Und folglich mehr von dem zu posten, was beliebt ist, und weniger von dem, was unbeliebt ist.<\/span><\/p>\n<p><span style=\"font-weight: 400;\">Zweck: Durch Google Analytics wissen wir, wie Sie auf die Website gelangt sind und wie Sie sie nutzen. Wir verwenden diese Statistiken, um die Website kontinuierlich zu verbessern, damit Sie unsere Website bestm\u00f6glich nutzen k\u00f6nnen. Dieser Cookie stammt von Google und wird maximal 26 Monate lang gespeichert.<\/span><\/p>\n<p><span style=\"font-weight: 400;\">Weitere Informationen: http:\/\/www.google.com\/policies\/privacy\/<\/span><\/p>\n<p><span style=\"font-weight: 400;\">Mit wem wir Ihre Daten teilen<\/span><\/p>\n<p><span style=\"font-weight: 400;\">Um die von Ihnen gew\u00fcnschten Informationen zug\u00e4nglich zu machen, arbeiten wir mit Dritten zusammen. Dazu geh\u00f6ren ein Website-Manager, ein Hosting-Partner, eine automatische Telefonverbindung, ein Newsletter-System und eine Verwaltungssoftware. Mit allen Beteiligten wurde eine so genannte Verarbeitervereinbarung geschlossen. Diese Vereinbarung garantiert unter anderem die Sicherheit und rechtzeitige L\u00f6schung Ihrer pers\u00f6nlichen Daten.<\/span><\/p>\n<p><span style=\"font-weight: 400;\">Wie lange wir Ihre Daten aufbewahren<\/span><\/p>\n<p><span style=\"font-weight: 400;\">Wenn Sie einen Kommentar hinterlassen, werden der Kommentar und seine Metadaten f\u00fcr immer gespeichert. Auf diese Weise k\u00f6nnen wir Folgekommentare automatisch erkennen und genehmigen, ohne dass wir sie moderieren m\u00fcssen.<\/span><\/p>\n<p><span style=\"font-weight: 400;\">Bei Nutzern, die sich auf unserer Website registrieren (falls vorhanden), speichern wir auch die pers\u00f6nlichen Daten, die sie in ihrem Nutzerprofil angeben. Alle Nutzer k\u00f6nnen ihre pers\u00f6nlichen Daten jederzeit einsehen, bearbeiten oder l\u00f6schen (mit Ausnahme ihres Nutzernamens). Auch Website-Administratoren k\u00f6nnen diese Informationen einsehen und bearbeiten.<\/span><\/p>\n<p><span style=\"font-weight: 400;\">Die Sicherheitsprotokolle werden 60 Tage lang aufbewahrt.<\/span><\/p>\n<p><span style=\"font-weight: 400;\">Welche Rechte haben Sie in Bezug auf Ihre Daten?<\/span><\/p>\n<p><span style=\"font-weight: 400;\">Wenn Sie ein Konto auf dieser Website haben oder Kommentare hinterlassen haben, k\u00f6nnen Sie eine Exportdatei aller personenbezogenen Daten anfordern, die wir \u00fcber Sie gespeichert haben, einschlie\u00dflich aller Daten, die Sie uns gegeben haben. Sie k\u00f6nnen auch verlangen, dass wir die \u00fcber Sie gespeicherten personenbezogenen Daten l\u00f6schen. Dies gilt nicht f\u00fcr Informationen, die wir aus verwaltungstechnischen, rechtlichen oder sicherheitstechnischen Gr\u00fcnden aufbewahren m\u00fcssen.<\/span><\/p>\n<p><span style=\"font-weight: 400;\">Wohin wir Ihre Daten senden<\/span><\/p>\n<p><span style=\"font-weight: 400;\">Diese Seite wird vom iThemes Site Scanner auf potentielle Malware und Schwachstellen gescannt. Wir senden keine pers\u00f6nlichen Informationen an den Scanner; allerdings kann der Scanner w\u00e4hrend des Scannens pers\u00f6nliche Informationen finden, die \u00f6ffentlich gepostet wurden (z. B. in Kommentaren).<\/span><\/p>\n<p><span style=\"font-weight: 400;\">Zus\u00e4tzliche Informationen<\/span><\/p>\n<p><span style=\"font-weight: 400;\">Wie wir Ihre Informationen sch\u00fctzen<\/span><\/p>\n<p><span style=\"font-weight: 400;\">Ihre pers\u00f6nlichen Daten sind sicher. Die anvertrauten Daten werden durch technische und administrative Sicherheitsma\u00dfnahmen gesch\u00fctzt, um das Risiko des Verlusts, des Missbrauchs, des unbefugten Zugriffs, der Weitergabe und der Ver\u00e4nderung zu minimieren. Dazu geh\u00f6ren Firewalls, Datenverschl\u00fcsselung, sichere Verbindungen sowie physische und administrative Zugangskontrollen zu den Daten und Servern.<\/span><\/p>\n","protected":false},"excerpt":{"rendered":"<p>Dies ist die Datenschutzerkl\u00e4rung von: Camperelfstedentocht mit Sitz in De Zwemmer 3, 8939 CA in Leeuwarden. Registrierungsnummer bei der Niederl\u00e4ndischen Handelskammer:\u00a001104415 mit NL001468330B92. Bei Fragen oder zur Kontaktaufnahme wenden Sie sich bitte an info@camperelfstedentocht.nl Welche pers\u00f6nlichen Daten wir sammeln und warum wir sie sammeln Kommentare Wenn Besucher Kommentare auf der Website hinterlassen, sammeln wir die [&hellip;]<\/p>\n","protected":false},"author":1,"featured_media":4469,"parent":0,"menu_order":0,"comment_status":"closed","ping_status":"closed","template":"","meta":{"footnotes":""},"class_list":["post-4571","page","type-page","status-publish","has-post-thumbnail","hentry"],"yoast_head":"<!-- This site is optimized with the Yoast SEO plugin v27.4 - https:\/\/yoast.com\/product\/yoast-seo-wordpress\/ -->\n<title>Datenschutzbestimmungen - Camperelfstedentocht<\/title>\n<meta name=\"robots\" content=\"noindex, follow\" \/>\n<meta property=\"og:locale\" content=\"de_DE\" \/>\n<meta property=\"og:type\" content=\"article\" \/>\n<meta property=\"og:title\" content=\"Datenschutzbestimmungen - Camperelfstedentocht\" \/>\n<meta property=\"og:description\" content=\"Dies ist die Datenschutzerkl\u00e4rung von: Camperelfstedentocht mit Sitz in De Zwemmer 3, 8939 CA in Leeuwarden. Registrierungsnummer bei der Niederl\u00e4ndischen Handelskammer:\u00a001104415 mit NL001468330B92. Bei Fragen oder zur Kontaktaufnahme wenden Sie sich bitte an info@camperelfstedentocht.nl Welche pers\u00f6nlichen Daten wir sammeln und warum wir sie sammeln Kommentare Wenn Besucher Kommentare auf der Website hinterlassen, sammeln wir die [&hellip;]\" \/>\n<meta property=\"og:url\" content=\"https:\/\/camperelfstedentocht.nl\/de\/datenschutzbestimmungen\/\" \/>\n<meta property=\"og:site_name\" content=\"Camperelfstedentocht\" \/>\n<meta property=\"article:modified_time\" content=\"2021-09-21T09:04:18+00:00\" \/>\n<meta property=\"og:image\" content=\"https:\/\/camperelfstedentocht.nl\/wp-content\/uploads\/2021\/08\/MG_2575_martinaketelaarfotografie-min-scaled.jpg\" \/>\n\t<meta property=\"og:image:width\" content=\"2560\" \/>\n\t<meta property=\"og:image:height\" content=\"1707\" \/>\n\t<meta property=\"og:image:type\" content=\"image\/jpeg\" \/>\n<meta name=\"twitter:card\" content=\"summary_large_image\" \/>\n<meta name=\"twitter:label1\" content=\"Gesch\u00e4tzte Lesezeit\" \/>\n\t<meta name=\"twitter:data1\" content=\"5\u00a0Minuten\" \/>\n<script type=\"application\/ld+json\" class=\"yoast-schema-graph\">{\"@context\":\"https:\\\/\\\/schema.org\",\"@graph\":[{\"@type\":\"WebPage\",\"@id\":\"https:\\\/\\\/camperelfstedentocht.nl\\\/de\\\/datenschutzbestimmungen\\\/\",\"url\":\"https:\\\/\\\/camperelfstedentocht.nl\\\/de\\\/datenschutzbestimmungen\\\/\",\"name\":\"Datenschutzbestimmungen - Camperelfstedentocht\",\"isPartOf\":{\"@id\":\"https:\\\/\\\/camperelfstedentocht.nl\\\/de\\\/#website\"},\"primaryImageOfPage\":{\"@id\":\"https:\\\/\\\/camperelfstedentocht.nl\\\/de\\\/datenschutzbestimmungen\\\/#primaryimage\"},\"image\":{\"@id\":\"https:\\\/\\\/camperelfstedentocht.nl\\\/de\\\/datenschutzbestimmungen\\\/#primaryimage\"},\"thumbnailUrl\":\"https:\\\/\\\/camperelfstedentocht.nl\\\/wp-content\\\/uploads\\\/2021\\\/08\\\/MG_2575_martinaketelaarfotografie-min-scaled.jpg\",\"datePublished\":\"2021-08-25T13:26:06+00:00\",\"dateModified\":\"2021-09-21T09:04:18+00:00\",\"breadcrumb\":{\"@id\":\"https:\\\/\\\/camperelfstedentocht.nl\\\/de\\\/datenschutzbestimmungen\\\/#breadcrumb\"},\"inLanguage\":\"de\",\"potentialAction\":[{\"@type\":\"ReadAction\",\"target\":[\"https:\\\/\\\/camperelfstedentocht.nl\\\/de\\\/datenschutzbestimmungen\\\/\"]}]},{\"@type\":\"ImageObject\",\"inLanguage\":\"de\",\"@id\":\"https:\\\/\\\/camperelfstedentocht.nl\\\/de\\\/datenschutzbestimmungen\\\/#primaryimage\",\"url\":\"https:\\\/\\\/camperelfstedentocht.nl\\\/wp-content\\\/uploads\\\/2021\\\/08\\\/MG_2575_martinaketelaarfotografie-min-scaled.jpg\",\"contentUrl\":\"https:\\\/\\\/camperelfstedentocht.nl\\\/wp-content\\\/uploads\\\/2021\\\/08\\\/MG_2575_martinaketelaarfotografie-min-scaled.jpg\",\"width\":2560,\"height\":1707,\"caption\":\"Camperelfstedentocht - Harlingen\"},{\"@type\":\"BreadcrumbList\",\"@id\":\"https:\\\/\\\/camperelfstedentocht.nl\\\/de\\\/datenschutzbestimmungen\\\/#breadcrumb\",\"itemListElement\":[{\"@type\":\"ListItem\",\"position\":1,\"name\":\"Home\",\"item\":\"https:\\\/\\\/camperelfstedentocht.nl\\\/de\\\/\"},{\"@type\":\"ListItem\",\"position\":2,\"name\":\"Datenschutzbestimmungen\"}]},{\"@type\":\"WebSite\",\"@id\":\"https:\\\/\\\/camperelfstedentocht.nl\\\/de\\\/#website\",\"url\":\"https:\\\/\\\/camperelfstedentocht.nl\\\/de\\\/\",\"name\":\"Camperelfstedentocht\",\"description\":\"De tocht der tochten, gewoon met de camper!\",\"publisher\":{\"@id\":\"https:\\\/\\\/camperelfstedentocht.nl\\\/de\\\/#organization\"},\"potentialAction\":[{\"@type\":\"SearchAction\",\"target\":{\"@type\":\"EntryPoint\",\"urlTemplate\":\"https:\\\/\\\/camperelfstedentocht.nl\\\/de\\\/?s={search_term_string}\"},\"query-input\":{\"@type\":\"PropertyValueSpecification\",\"valueRequired\":true,\"valueName\":\"search_term_string\"}}],\"inLanguage\":\"de\"},{\"@type\":\"Organization\",\"@id\":\"https:\\\/\\\/camperelfstedentocht.nl\\\/de\\\/#organization\",\"name\":\"Camperelfstedentocht\",\"url\":\"https:\\\/\\\/camperelfstedentocht.nl\\\/de\\\/\",\"logo\":{\"@type\":\"ImageObject\",\"inLanguage\":\"de\",\"@id\":\"https:\\\/\\\/camperelfstedentocht.nl\\\/de\\\/#\\\/schema\\\/logo\\\/image\\\/\",\"url\":\"https:\\\/\\\/camperelfstedentocht.nl\\\/wp-content\\\/uploads\\\/2020\\\/10\\\/Logo-1.png\",\"contentUrl\":\"https:\\\/\\\/camperelfstedentocht.nl\\\/wp-content\\\/uploads\\\/2020\\\/10\\\/Logo-1.png\",\"width\":1418,\"height\":659,\"caption\":\"Camperelfstedentocht\"},\"image\":{\"@id\":\"https:\\\/\\\/camperelfstedentocht.nl\\\/de\\\/#\\\/schema\\\/logo\\\/image\\\/\"}}]}<\/script>\n<!-- \/ Yoast SEO plugin. -->","yoast_head_json":{"title":"Datenschutzbestimmungen - Camperelfstedentocht","robots":{"index":"noindex","follow":"follow"},"og_locale":"de_DE","og_type":"article","og_title":"Datenschutzbestimmungen - Camperelfstedentocht","og_description":"Dies ist die Datenschutzerkl\u00e4rung von: Camperelfstedentocht mit Sitz in De Zwemmer 3, 8939 CA in Leeuwarden. Registrierungsnummer bei der Niederl\u00e4ndischen Handelskammer:\u00a001104415 mit NL001468330B92. Bei Fragen oder zur Kontaktaufnahme wenden Sie sich bitte an info@camperelfstedentocht.nl Welche pers\u00f6nlichen Daten wir sammeln und warum wir sie sammeln Kommentare Wenn Besucher Kommentare auf der Website hinterlassen, sammeln wir die [&hellip;]","og_url":"https:\/\/camperelfstedentocht.nl\/de\/datenschutzbestimmungen\/","og_site_name":"Camperelfstedentocht","article_modified_time":"2021-09-21T09:04:18+00:00","og_image":[{"width":2560,"height":1707,"url":"https:\/\/camperelfstedentocht.nl\/wp-content\/uploads\/2021\/08\/MG_2575_martinaketelaarfotografie-min-scaled.jpg","type":"image\/jpeg"}],"twitter_card":"summary_large_image","twitter_misc":{"Gesch\u00e4tzte Lesezeit":"5\u00a0Minuten"},"schema":{"@context":"https:\/\/schema.org","@graph":[{"@type":"WebPage","@id":"https:\/\/camperelfstedentocht.nl\/de\/datenschutzbestimmungen\/","url":"https:\/\/camperelfstedentocht.nl\/de\/datenschutzbestimmungen\/","name":"Datenschutzbestimmungen - Camperelfstedentocht","isPartOf":{"@id":"https:\/\/camperelfstedentocht.nl\/de\/#website"},"primaryImageOfPage":{"@id":"https:\/\/camperelfstedentocht.nl\/de\/datenschutzbestimmungen\/#primaryimage"},"image":{"@id":"https:\/\/camperelfstedentocht.nl\/de\/datenschutzbestimmungen\/#primaryimage"},"thumbnailUrl":"https:\/\/camperelfstedentocht.nl\/wp-content\/uploads\/2021\/08\/MG_2575_martinaketelaarfotografie-min-scaled.jpg","datePublished":"2021-08-25T13:26:06+00:00","dateModified":"2021-09-21T09:04:18+00:00","breadcrumb":{"@id":"https:\/\/camperelfstedentocht.nl\/de\/datenschutzbestimmungen\/#breadcrumb"},"inLanguage":"de","potentialAction":[{"@type":"ReadAction","target":["https:\/\/camperelfstedentocht.nl\/de\/datenschutzbestimmungen\/"]}]},{"@type":"ImageObject","inLanguage":"de","@id":"https:\/\/camperelfstedentocht.nl\/de\/datenschutzbestimmungen\/#primaryimage","url":"https:\/\/camperelfstedentocht.nl\/wp-content\/uploads\/2021\/08\/MG_2575_martinaketelaarfotografie-min-scaled.jpg","contentUrl":"https:\/\/camperelfstedentocht.nl\/wp-content\/uploads\/2021\/08\/MG_2575_martinaketelaarfotografie-min-scaled.jpg","width":2560,"height":1707,"caption":"Camperelfstedentocht - Harlingen"},{"@type":"BreadcrumbList","@id":"https:\/\/camperelfstedentocht.nl\/de\/datenschutzbestimmungen\/#breadcrumb","itemListElement":[{"@type":"ListItem","position":1,"name":"Home","item":"https:\/\/camperelfstedentocht.nl\/de\/"},{"@type":"ListItem","position":2,"name":"Datenschutzbestimmungen"}]},{"@type":"WebSite","@id":"https:\/\/camperelfstedentocht.nl\/de\/#website","url":"https:\/\/camperelfstedentocht.nl\/de\/","name":"Camperelfstedentocht","description":"De tocht der tochten, gewoon met de camper!","publisher":{"@id":"https:\/\/camperelfstedentocht.nl\/de\/#organization"},"potentialAction":[{"@type":"SearchAction","target":{"@type":"EntryPoint","urlTemplate":"https:\/\/camperelfstedentocht.nl\/de\/?s={search_term_string}"},"query-input":{"@type":"PropertyValueSpecification","valueRequired":true,"valueName":"search_term_string"}}],"inLanguage":"de"},{"@type":"Organization","@id":"https:\/\/camperelfstedentocht.nl\/de\/#organization","name":"Camperelfstedentocht","url":"https:\/\/camperelfstedentocht.nl\/de\/","logo":{"@type":"ImageObject","inLanguage":"de","@id":"https:\/\/camperelfstedentocht.nl\/de\/#\/schema\/logo\/image\/","url":"https:\/\/camperelfstedentocht.nl\/wp-content\/uploads\/2020\/10\/Logo-1.png","contentUrl":"https:\/\/camperelfstedentocht.nl\/wp-content\/uploads\/2020\/10\/Logo-1.png","width":1418,"height":659,"caption":"Camperelfstedentocht"},"image":{"@id":"https:\/\/camperelfstedentocht.nl\/de\/#\/schema\/logo\/image\/"}}]}},"_links":{"self":[{"href":"https:\/\/camperelfstedentocht.nl\/de\/wp-json\/wp\/v2\/pages\/4571","targetHints":{"allow":["GET"]}}],"collection":[{"href":"https:\/\/camperelfstedentocht.nl\/de\/wp-json\/wp\/v2\/pages"}],"about":[{"href":"https:\/\/camperelfstedentocht.nl\/de\/wp-json\/wp\/v2\/types\/page"}],"author":[{"embeddable":true,"href":"https:\/\/camperelfstedentocht.nl\/de\/wp-json\/wp\/v2\/users\/1"}],"replies":[{"embeddable":true,"href":"https:\/\/camperelfstedentocht.nl\/de\/wp-json\/wp\/v2\/comments?post=4571"}],"version-history":[{"count":0,"href":"https:\/\/camperelfstedentocht.nl\/de\/wp-json\/wp\/v2\/pages\/4571\/revisions"}],"wp:featuredmedia":[{"embeddable":true,"href":"https:\/\/camperelfstedentocht.nl\/de\/wp-json\/wp\/v2\/media\/4469"}],"wp:attachment":[{"href":"https:\/\/camperelfstedentocht.nl\/de\/wp-json\/wp\/v2\/media?parent=4571"}],"curies":[{"name":"wp","href":"https:\/\/api.w.org\/{rel}","templated":true}]}}