{"id":4578,"date":"2021-08-25T13:32:15","date_gmt":"2021-08-25T13:32:15","guid":{"rendered":"https:\/\/camperelfstedentocht.nl\/so-geht-es\/"},"modified":"2026-02-10T09:05:28","modified_gmt":"2026-02-10T09:05:28","slug":"so-geht-es","status":"publish","type":"page","link":"https:\/\/camperelfstedentocht.nl\/de\/so-geht-es\/","title":{"rendered":"Methode"},"content":{"rendered":"\t\t<div data-elementor-type=\"wp-page\" data-elementor-id=\"4578\" class=\"elementor elementor-4578 elementor-3042\" data-elementor-post-type=\"page\">\n\t\t\t\t<div class=\"elementor-element elementor-element-f76dd8b e-con-full e-flex e-con e-parent\" data-id=\"f76dd8b\" data-element_type=\"container\" data-e-type=\"container\" data-settings=\"{&quot;jet_parallax_layout_list&quot;:[]}\">\n\t\t<div class=\"elementor-element elementor-element-7fac611 e-con-full e-flex e-con e-child\" data-id=\"7fac611\" data-element_type=\"container\" data-e-type=\"container\" data-settings=\"{&quot;jet_parallax_layout_list&quot;:[]}\">\n\t\t\t\t<div class=\"elementor-element elementor-element-dca4c95 elementor-widget elementor-widget-heading\" data-id=\"dca4c95\" data-element_type=\"widget\" data-e-type=\"widget\" data-widget_type=\"heading.default\">\n\t\t\t\t\t<h2 class=\"elementor-heading-title elementor-size-default\">Methode<\/h2>\t\t\t\t<\/div>\n\t\t\t\t<div class=\"elementor-element elementor-element-e535f2f elementor-widget elementor-widget-heading\" data-id=\"e535f2f\" data-element_type=\"widget\" data-e-type=\"widget\" data-widget_type=\"heading.default\">\n\t\t\t\t\t<h2 class=\"elementor-heading-title elementor-size-default\">So funktioniert es<\/h2>\t\t\t\t<\/div>\n\t\t\t\t<div class=\"elementor-element elementor-element-acfbc48 elementor-widget elementor-widget-text-editor\" data-id=\"acfbc48\" data-element_type=\"widget\" data-e-type=\"widget\" data-widget_type=\"text-editor.default\">\n\t\t\t\t\t\t\t\t\t<p>Stempelkarte drin? Dann gie\u00dfen Sie es ein! Sie k\u00f6nnen die camper elf St\u00e4dtetour in <strong>Leeuwarden<\/strong> beginnen, um der offiziellen Route der Tour auf Schlittschuhen zu folgen, oder Sie k\u00f6nnen w\u00e4hlen, ob Sie in <strong>einer beliebigen Stadt<\/strong> beginnen m\u00f6chten. Macht nichts, denn so bekommen Sie auch Ihre Stempelkarte voll. Fahren Sie \u00fcbrigens nicht nur die Strecke, um die Stempel zu sammeln, sondern nehmen Sie sich auch die Zeit, Friesland zu genie\u00dfen!    <\/p><p>Dies sind die teilnehmenden Briefmarkenstellen. Auf der Route finden Sie weitere Informationen pro Stadt und Stempelstelle. \u00dcberpr\u00fcfen Sie dies im Voraus sorgf\u00e4ltig, einige Briefmarkenstellen sind an manchen Tagen geschlossen.   Vergessen Sie auch nicht, die niedlichen Camperelfstedentocht-Pullover und Kreuze auf Camping De Domp, Camping de Zeehoeve zu entdecken und auf De Torenwachter in Leeuwarden warten Leckereien.  <\/p><ol><li>Leeuwarden: <a href=\"https:\/\/www.camperplaatsleeuwarden.nl\" target=\"_blank\" rel=\"noopener\">Wohnmobilstellplatz Leeuwarden<\/a><\/li><li>Sneek: <a href=\"https:\/\/dedomp.nl\/nl\/\" target=\"_blank\" rel=\"noopener\">Camping de Domp<\/a><\/li><li>IJlst: <a href=\"https:\/\/utherne.nl\">Eetcaf\u00e9 De Utherne<\/a> falls geschlossen <a href=\"https:\/\/www.friesland.nl\/nl\/locaties\/3890122239\/vvv-ijlst\">VVV Ijlst<\/a><\/li><li>Schleusen: <a href=\"https:\/\/www.facebook.com\/Bakkerswinkel-t-Kruimeltje-110143160671365\" target=\"_blank\" rel=\"noopener\">B\u00e4ckerei &#8218;t Kruimeltje<\/a> und Sonntagsrestaurant <a href=\"https:\/\/restaurant7wouden.nl\" target=\"_blank\" rel=\"noopener\">de Zeven Wouden<\/a><\/li><li>Stavoren: <a href=\"https:\/\/www.marinastavoren.nl\/camping-sudermeer\/ruime-camperplaatsen\/\" target=\"_blank\" rel=\"noopener\">Yachthafen Stavoren Buitenhaven<\/a> (im Winter geschlossen &#8211; Stempel ist am Camperplaats Leeuwarden<\/li><li>Hindeloopen: <a href=\"https:\/\/schaatsmuseum.nl\" target=\"_blank\" rel=\"noopener\">Friesisches Eislaufmuseum<\/a><\/li><li>Workum: <a href=\"https:\/\/suderse.nl\" target=\"_blank\" rel=\"noopener\">Campingplatz Suders\u00e9<\/a><\/li><li>Bolsward: <a href=\"https:\/\/detiid.nl\" target=\"_blank\" rel=\"noopener\">De Tiid<\/a>, wenn geschlossen <a href=\"https:\/\/www.hetveerhuysbolsward.nl\/\" target=\"_blank\" rel=\"noopener\">&#8218;t Veerhuys<\/a> &#8211; Hotel de Wijnberg<\/li><li>Harlingen: <a href=\"https:\/\/www.zeehoeve.nl\/nl\/\" target=\"_blank\" rel=\"noopener\">Campingplatz de Zeehoeve<\/a><\/li><li>Franeker: <a href=\"https:\/\/www.planetarium-friesland.nl\" target=\"_blank\" rel=\"noopener\">K\u00f6nigliches Eise Eisinga Museum<\/a> und am Montag <a href=\"https:\/\/www.stadsherbergfraneker.nl\" target=\"_blank\" rel=\"noopener\">De Stadsherberg<\/a><\/li><li>Dokkum: <a href=\"https:\/\/kbfood.nl\/\" target=\"_blank\" rel=\"noopener\">KB Food and Drinks<\/a> bei geschlossenem Hotel der ABDIJ<\/li><\/ol><p><strong>Bitte beachten Sie<\/strong> : Die Tour ist erst dann offiziell beendet, wenn Sie <strong>auf allen teilnehmenden Stellpl\u00e4tzen \u00fcbernachten<\/strong> . Auch sch\u00f6n, weil man es sich gem\u00fctlich machen und alle Orte entdecken kann! <\/p><p>Vom 1. November 2025 bis zum 1. April 2026 wird der <strong>Wohnmobilstellplatz Marina Stavoren<\/strong> vollst\u00e4ndig geschlossen sein. Es wird jedoch weiterhin m\u00f6glich sein, einen Stempel zu erhalten. Der Stempel befindet sich in einem Schlie\u00dffach am Eingang zum Yachthafenb\u00fcro. Sie k\u00f6nnen den Stavoren-Stempel auch beim Camperplaats Leeuwarden abholen. Er liegt in der Trustbox f\u00fcr Sie bereit.      <\/p><p>Du hast die Elfstedentocht mit dem Camper absolviert und deine Stempelkarte ausgef\u00fcllt? Schicken Sie ein Foto der vollst\u00e4ndigen Stempelkarte und eventuell ein lustiges Foto an info@camperelfstedentocht.nl! Dann haben Sie die Chance, tolle Preise zu gewinnen. Mit jeder vollen Stempelkarte spendet die Organisation auch an die Maarten van der Weijden Foundation.    <\/p>\t\t\t\t\t\t\t\t<\/div>\n\t\t\t\t<\/div>\n\t\t<div class=\"elementor-element elementor-element-14d39b8 e-con-full e-flex e-con e-child\" data-id=\"14d39b8\" data-element_type=\"container\" data-e-type=\"container\" data-settings=\"{&quot;jet_parallax_layout_list&quot;:[]}\">\n\t\t<div class=\"elementor-element elementor-element-c255f56 e-con-full e-flex e-con e-child\" data-id=\"c255f56\" data-element_type=\"container\" data-e-type=\"container\" data-settings=\"{&quot;background_background&quot;:&quot;classic&quot;,&quot;jet_parallax_layout_list&quot;:[]}\">\n\t\t\t\t<div class=\"elementor-element elementor-element-4b6b8ad elementor-widget elementor-widget-heading\" data-id=\"4b6b8ad\" data-element_type=\"widget\" data-e-type=\"widget\" data-widget_type=\"heading.default\">\n\t\t\t\t\t<h3 class=\"elementor-heading-title elementor-size-default\">Fragen?<\/h3>\t\t\t\t<\/div>\n\t\t\t\t<div class=\"elementor-element elementor-element-29a977c elementor-button-align-start elementor-widget elementor-widget-form\" data-id=\"29a977c\" data-element_type=\"widget\" data-e-type=\"widget\" data-settings=\"{&quot;step_next_label&quot;:&quot;Weiter&quot;,&quot;step_previous_label&quot;:&quot;Vorherige&quot;,&quot;button_width&quot;:&quot;100&quot;,&quot;step_type&quot;:&quot;number_text&quot;,&quot;step_icon_shape&quot;:&quot;circle&quot;}\" data-widget_type=\"form.default\">\n\t\t\t\t\t\t\t<form class=\"elementor-form\" method=\"post\" name=\"Neue Form\" aria-label=\"Neue Form\">\n\t\t\t<input type=\"hidden\" name=\"post_id\" value=\"4578\"\/>\n\t\t\t<input type=\"hidden\" name=\"form_id\" value=\"29a977c\"\/>\n\t\t\t<input type=\"hidden\" name=\"referer_title\" value=\"Camperelfstedentocht\" \/>\n\n\t\t\t\n\t\t\t<div class=\"elementor-form-fields-wrapper elementor-labels-above\">\n\t\t\t\t\t\t\t\t<div class=\"elementor-field-type-text elementor-field-group elementor-column elementor-field-group-name elementor-col-100\">\n\t\t\t\t\t\t\t\t\t\t\t\t<label for=\"form-field-name\" class=\"elementor-field-label\">\n\t\t\t\t\t\t\t\tWie ist Ihr Name?\t\t\t\t\t\t\t<\/label>\n\t\t\t\t\t\t\t\t\t\t\t\t\t\t<input size=\"1\" type=\"text\" name=\"form_fields[name]\" id=\"form-field-name\" class=\"elementor-field elementor-size-sm  elementor-field-textual\">\n\t\t\t\t\t\t\t\t\t\t\t<\/div>\n\t\t\t\t\t\t\t\t<div class=\"elementor-field-type-email elementor-field-group elementor-column elementor-field-group-email elementor-col-100\">\n\t\t\t\t\t\t\t\t\t\t\t\t<label for=\"form-field-email\" class=\"elementor-field-label\">\n\t\t\t\t\t\t\t\tWie lautet Ihre E-Mail-Adresse?\t\t\t\t\t\t\t<\/label>\n\t\t\t\t\t\t\t\t\t\t\t\t\t\t<input size=\"1\" type=\"email\" name=\"form_fields[email]\" id=\"form-field-email\" class=\"elementor-field elementor-size-sm  elementor-field-textual\">\n\t\t\t\t\t\t\t\t\t\t\t<\/div>\n\t\t\t\t\t\t\t\t<div class=\"elementor-field-type-tel elementor-field-group elementor-column elementor-field-group-field_4d278ab elementor-col-100\">\n\t\t\t\t\t\t\t\t\t\t\t\t<label for=\"form-field-field_4d278ab\" class=\"elementor-field-label\">\n\t\t\t\t\t\t\t\tWie lautet Ihre Telefonnummer?\t\t\t\t\t\t\t<\/label>\n\t\t\t\t\t\t\t\t<input size=\"1\" type=\"tel\" name=\"form_fields[field_4d278ab]\" id=\"form-field-field_4d278ab\" class=\"elementor-field elementor-size-sm  elementor-field-textual\" pattern=\"[0-9()#&amp;+*-=.]+\" title=\"Nur Nummern oder Telefon-Zeichen (#, -, *, etc) werden akzeptiert.\">\n\n\t\t\t\t\t\t<\/div>\n\t\t\t\t\t\t\t\t<div class=\"elementor-field-type-textarea elementor-field-group elementor-column elementor-field-group-field_2c4bc8f elementor-col-100 elementor-field-required\">\n\t\t\t\t\t\t\t\t\t\t\t\t<label for=\"form-field-field_2c4bc8f\" class=\"elementor-field-label\">\n\t\t\t\t\t\t\t\tWomit k\u00f6nnen wir Ihnen helfen?\t\t\t\t\t\t\t<\/label>\n\t\t\t\t\t\t<textarea class=\"elementor-field-textual elementor-field  elementor-size-sm\" name=\"form_fields[field_2c4bc8f]\" id=\"form-field-field_2c4bc8f\" rows=\"4\" required=\"required\"><\/textarea>\t\t\t\t<\/div>\n\t\t\t\t\t\t\t\t<div class=\"elementor-field-type-checkbox elementor-field-group elementor-column elementor-field-group-field_f4d67b2 elementor-col-100\">\n\t\t\t\t\t<div class=\"elementor-field-subgroup  \"><span class=\"elementor-field-option\"><input type=\"checkbox\" value=\"Ich bin damit einverstanden, dass diese Website meine Angaben speichert, damit sie meine Anfrage beantworten kann.\" id=\"form-field-field_f4d67b2-0\" name=\"form_fields[field_f4d67b2]\"> <label for=\"form-field-field_f4d67b2-0\">Ich bin damit einverstanden, dass diese Website meine Angaben speichert, damit sie meine Anfrage beantworten kann.<\/label><\/span><\/div>\t\t\t\t<\/div>\n\t\t\t\t\t\t\t\t<div class=\"elementor-field-type-checkbox elementor-field-group elementor-column elementor-field-group-field_4f3cdb2 elementor-col-100\">\n\t\t\t\t\t<div class=\"elementor-field-subgroup  \"><span class=\"elementor-field-option\"><input type=\"checkbox\" value=\"Ich m\u00f6chte den Newsletter abonnieren, um Tipps zu erhalten und tolle Preise zu gewinnen!\" id=\"form-field-field_4f3cdb2-0\" name=\"form_fields[field_4f3cdb2]\"> <label for=\"form-field-field_4f3cdb2-0\">Ich m\u00f6chte den Newsletter abonnieren, um Tipps zu erhalten und tolle Preise zu gewinnen!<\/label><\/span><\/div>\t\t\t\t<\/div>\n\t\t\t\t\t\t\t\t<div class=\"elementor-field-type-recaptcha elementor-field-group elementor-column elementor-field-group-field_3eafe2a elementor-col-100\">\n\t\t\t\t\t<div class=\"elementor-field\" id=\"form-field-field_3eafe2a\"><div class=\"elementor-g-recaptcha\" data-sitekey=\"6LdT1mIeAAAAADUGj3t-IqXzgxiWHTMDesLFI7jZ\" data-type=\"v2_checkbox\" data-theme=\"light\" data-size=\"normal\"><\/div><\/div>\t\t\t\t<\/div>\n\t\t\t\t\t\t\t\t<div class=\"elementor-field-type-hidden elementor-field-group elementor-column elementor-field-group-field_1572bb8 elementor-col-100\">\n\t\t\t\t\t\t\t\t\t\t\t\t\t<input size=\"1\" type=\"hidden\" name=\"form_fields[field_1572bb8]\" id=\"form-field-field_1572bb8\" class=\"elementor-field elementor-size-sm  elementor-field-textual\">\n\t\t\t\t\t\t\t\t\t\t\t<\/div>\n\t\t\t\t\t\t\t\t<div class=\"elementor-field-group elementor-column elementor-field-type-submit elementor-col-100 e-form__buttons\">\n\t\t\t\t\t<button class=\"elementor-button elementor-size-sm\" type=\"submit\">\n\t\t\t\t\t\t<span class=\"elementor-button-content-wrapper\">\n\t\t\t\t\t\t\t\t\t\t\t\t\t\t\t\t\t\t\t\t\t\t<span class=\"elementor-button-text\">Senden Sie<\/span>\n\t\t\t\t\t\t\t\t\t\t\t\t\t<\/span>\n\t\t\t\t\t<\/button>\n\t\t\t\t<\/div>\n\t\t\t<\/div>\n\t\t<\/form>\n\t\t\t\t\t\t<\/div>\n\t\t\t\t<\/div>\n\t\t\t\t<\/div>\n\t\t\t\t<\/div>\n\t\t\t\t<\/div>\n\t\t","protected":false},"excerpt":{"rendered":"<p>Methode So funktioniert es Stempelkarte drin? Dann gie\u00dfen Sie es ein! Sie k\u00f6nnen die camper elf St\u00e4dtetour in Leeuwarden beginnen, um der offiziellen Route der Tour auf Schlittschuhen zu folgen, oder Sie k\u00f6nnen w\u00e4hlen, ob Sie in einer beliebigen Stadt beginnen m\u00f6chten. Macht nichts, denn so bekommen Sie auch Ihre Stempelkarte voll. Fahren Sie \u00fcbrigens [&hellip;]<\/p>\n","protected":false},"author":1,"featured_media":4489,"parent":0,"menu_order":0,"comment_status":"closed","ping_status":"closed","template":"","meta":{"footnotes":""},"class_list":["post-4578","page","type-page","status-publish","has-post-thumbnail","hentry"],"yoast_head":"<!-- This site is optimized with the Yoast SEO plugin v27.4 - https:\/\/yoast.com\/product\/yoast-seo-wordpress\/ -->\n<title>Mehr Infos zur Stempelkarte f\u00fcr die camper elf St\u00e4dte Tour<\/title>\n<meta name=\"description\" content=\"Alles \u00fcber die Methode der Stempelkarte f\u00fcr die Camper-Elf-St\u00e4dte-Tour! \u2705 teilnehmende Wohnmobilstellpl\u00e4tze, Sehensw\u00fcrdigkeiten und Aktivit\u00e4ten\" \/>\n<meta name=\"robots\" content=\"index, follow, max-snippet:-1, max-image-preview:large, max-video-preview:-1\" \/>\n<link rel=\"canonical\" href=\"https:\/\/camperelfstedentocht.nl\/de\/so-geht-es\/\" \/>\n<meta property=\"og:locale\" content=\"de_DE\" \/>\n<meta property=\"og:type\" content=\"article\" \/>\n<meta property=\"og:title\" content=\"Mehr Infos zur Stempelkarte f\u00fcr die camper elf St\u00e4dte Tour\" \/>\n<meta property=\"og:description\" content=\"Alles \u00fcber die Methode der Stempelkarte f\u00fcr die Camper-Elf-St\u00e4dte-Tour! \u2705 teilnehmende Wohnmobilstellpl\u00e4tze, Sehensw\u00fcrdigkeiten und Aktivit\u00e4ten\" \/>\n<meta property=\"og:url\" content=\"https:\/\/camperelfstedentocht.nl\/de\/so-geht-es\/\" \/>\n<meta property=\"og:site_name\" content=\"Camperelfstedentocht\" \/>\n<meta property=\"article:modified_time\" content=\"2026-02-10T09:05:28+00:00\" \/>\n<meta property=\"og:image\" content=\"https:\/\/camperelfstedentocht.nl\/wp-content\/uploads\/2021\/08\/HD3LXEFg-scaled.jpg\" \/>\n\t<meta property=\"og:image:width\" content=\"2560\" \/>\n\t<meta property=\"og:image:height\" content=\"2382\" \/>\n\t<meta property=\"og:image:type\" content=\"image\/jpeg\" \/>\n<meta name=\"twitter:card\" content=\"summary_large_image\" \/>\n<meta name=\"twitter:label1\" content=\"Gesch\u00e4tzte Lesezeit\" \/>\n\t<meta name=\"twitter:data1\" content=\"3\u00a0Minuten\" \/>\n<script type=\"application\/ld+json\" class=\"yoast-schema-graph\">{\"@context\":\"https:\\\/\\\/schema.org\",\"@graph\":[{\"@type\":\"WebPage\",\"@id\":\"https:\\\/\\\/camperelfstedentocht.nl\\\/de\\\/so-geht-es\\\/\",\"url\":\"https:\\\/\\\/camperelfstedentocht.nl\\\/de\\\/so-geht-es\\\/\",\"name\":\"Mehr Infos zur Stempelkarte f\u00fcr die camper elf St\u00e4dte Tour\",\"isPartOf\":{\"@id\":\"https:\\\/\\\/camperelfstedentocht.nl\\\/de\\\/#website\"},\"primaryImageOfPage\":{\"@id\":\"https:\\\/\\\/camperelfstedentocht.nl\\\/de\\\/so-geht-es\\\/#primaryimage\"},\"image\":{\"@id\":\"https:\\\/\\\/camperelfstedentocht.nl\\\/de\\\/so-geht-es\\\/#primaryimage\"},\"thumbnailUrl\":\"https:\\\/\\\/camperelfstedentocht.nl\\\/wp-content\\\/uploads\\\/2021\\\/08\\\/HD3LXEFg-scaled.jpg\",\"datePublished\":\"2021-08-25T13:32:15+00:00\",\"dateModified\":\"2026-02-10T09:05:28+00:00\",\"description\":\"Alles \u00fcber die Methode der Stempelkarte f\u00fcr die Camper-Elf-St\u00e4dte-Tour! \u2705 teilnehmende Wohnmobilstellpl\u00e4tze, Sehensw\u00fcrdigkeiten und Aktivit\u00e4ten\",\"breadcrumb\":{\"@id\":\"https:\\\/\\\/camperelfstedentocht.nl\\\/de\\\/so-geht-es\\\/#breadcrumb\"},\"inLanguage\":\"de\",\"potentialAction\":[{\"@type\":\"ReadAction\",\"target\":[\"https:\\\/\\\/camperelfstedentocht.nl\\\/de\\\/so-geht-es\\\/\"]}]},{\"@type\":\"ImageObject\",\"inLanguage\":\"de\",\"@id\":\"https:\\\/\\\/camperelfstedentocht.nl\\\/de\\\/so-geht-es\\\/#primaryimage\",\"url\":\"https:\\\/\\\/camperelfstedentocht.nl\\\/wp-content\\\/uploads\\\/2021\\\/08\\\/HD3LXEFg-scaled.jpg\",\"contentUrl\":\"https:\\\/\\\/camperelfstedentocht.nl\\\/wp-content\\\/uploads\\\/2021\\\/08\\\/HD3LXEFg-scaled.jpg\",\"width\":2560,\"height\":2382,\"caption\":\"Camperelfstedentocht - Briefmarken\"},{\"@type\":\"BreadcrumbList\",\"@id\":\"https:\\\/\\\/camperelfstedentocht.nl\\\/de\\\/so-geht-es\\\/#breadcrumb\",\"itemListElement\":[{\"@type\":\"ListItem\",\"position\":1,\"name\":\"Home\",\"item\":\"https:\\\/\\\/camperelfstedentocht.nl\\\/de\\\/\"},{\"@type\":\"ListItem\",\"position\":2,\"name\":\"Methode\"}]},{\"@type\":\"WebSite\",\"@id\":\"https:\\\/\\\/camperelfstedentocht.nl\\\/de\\\/#website\",\"url\":\"https:\\\/\\\/camperelfstedentocht.nl\\\/de\\\/\",\"name\":\"Camperelfstedentocht\",\"description\":\"De tocht der tochten, gewoon met de camper!\",\"publisher\":{\"@id\":\"https:\\\/\\\/camperelfstedentocht.nl\\\/de\\\/#organization\"},\"potentialAction\":[{\"@type\":\"SearchAction\",\"target\":{\"@type\":\"EntryPoint\",\"urlTemplate\":\"https:\\\/\\\/camperelfstedentocht.nl\\\/de\\\/?s={search_term_string}\"},\"query-input\":{\"@type\":\"PropertyValueSpecification\",\"valueRequired\":true,\"valueName\":\"search_term_string\"}}],\"inLanguage\":\"de\"},{\"@type\":\"Organization\",\"@id\":\"https:\\\/\\\/camperelfstedentocht.nl\\\/de\\\/#organization\",\"name\":\"Camperelfstedentocht\",\"url\":\"https:\\\/\\\/camperelfstedentocht.nl\\\/de\\\/\",\"logo\":{\"@type\":\"ImageObject\",\"inLanguage\":\"de\",\"@id\":\"https:\\\/\\\/camperelfstedentocht.nl\\\/de\\\/#\\\/schema\\\/logo\\\/image\\\/\",\"url\":\"https:\\\/\\\/camperelfstedentocht.nl\\\/wp-content\\\/uploads\\\/2020\\\/10\\\/Logo-1.png\",\"contentUrl\":\"https:\\\/\\\/camperelfstedentocht.nl\\\/wp-content\\\/uploads\\\/2020\\\/10\\\/Logo-1.png\",\"width\":1418,\"height\":659,\"caption\":\"Camperelfstedentocht\"},\"image\":{\"@id\":\"https:\\\/\\\/camperelfstedentocht.nl\\\/de\\\/#\\\/schema\\\/logo\\\/image\\\/\"}}]}<\/script>\n<!-- \/ Yoast SEO plugin. -->","yoast_head_json":{"title":"Mehr Infos zur Stempelkarte f\u00fcr die camper elf St\u00e4dte Tour","description":"Alles \u00fcber die Methode der Stempelkarte f\u00fcr die Camper-Elf-St\u00e4dte-Tour! \u2705 teilnehmende Wohnmobilstellpl\u00e4tze, Sehensw\u00fcrdigkeiten und Aktivit\u00e4ten","robots":{"index":"index","follow":"follow","max-snippet":"max-snippet:-1","max-image-preview":"max-image-preview:large","max-video-preview":"max-video-preview:-1"},"canonical":"https:\/\/camperelfstedentocht.nl\/de\/so-geht-es\/","og_locale":"de_DE","og_type":"article","og_title":"Mehr Infos zur Stempelkarte f\u00fcr die camper elf St\u00e4dte Tour","og_description":"Alles \u00fcber die Methode der Stempelkarte f\u00fcr die Camper-Elf-St\u00e4dte-Tour! \u2705 teilnehmende Wohnmobilstellpl\u00e4tze, Sehensw\u00fcrdigkeiten und Aktivit\u00e4ten","og_url":"https:\/\/camperelfstedentocht.nl\/de\/so-geht-es\/","og_site_name":"Camperelfstedentocht","article_modified_time":"2026-02-10T09:05:28+00:00","og_image":[{"width":2560,"height":2382,"url":"https:\/\/camperelfstedentocht.nl\/wp-content\/uploads\/2021\/08\/HD3LXEFg-scaled.jpg","type":"image\/jpeg"}],"twitter_card":"summary_large_image","twitter_misc":{"Gesch\u00e4tzte Lesezeit":"3\u00a0Minuten"},"schema":{"@context":"https:\/\/schema.org","@graph":[{"@type":"WebPage","@id":"https:\/\/camperelfstedentocht.nl\/de\/so-geht-es\/","url":"https:\/\/camperelfstedentocht.nl\/de\/so-geht-es\/","name":"Mehr Infos zur Stempelkarte f\u00fcr die camper elf St\u00e4dte Tour","isPartOf":{"@id":"https:\/\/camperelfstedentocht.nl\/de\/#website"},"primaryImageOfPage":{"@id":"https:\/\/camperelfstedentocht.nl\/de\/so-geht-es\/#primaryimage"},"image":{"@id":"https:\/\/camperelfstedentocht.nl\/de\/so-geht-es\/#primaryimage"},"thumbnailUrl":"https:\/\/camperelfstedentocht.nl\/wp-content\/uploads\/2021\/08\/HD3LXEFg-scaled.jpg","datePublished":"2021-08-25T13:32:15+00:00","dateModified":"2026-02-10T09:05:28+00:00","description":"Alles \u00fcber die Methode der Stempelkarte f\u00fcr die Camper-Elf-St\u00e4dte-Tour! \u2705 teilnehmende Wohnmobilstellpl\u00e4tze, Sehensw\u00fcrdigkeiten und Aktivit\u00e4ten","breadcrumb":{"@id":"https:\/\/camperelfstedentocht.nl\/de\/so-geht-es\/#breadcrumb"},"inLanguage":"de","potentialAction":[{"@type":"ReadAction","target":["https:\/\/camperelfstedentocht.nl\/de\/so-geht-es\/"]}]},{"@type":"ImageObject","inLanguage":"de","@id":"https:\/\/camperelfstedentocht.nl\/de\/so-geht-es\/#primaryimage","url":"https:\/\/camperelfstedentocht.nl\/wp-content\/uploads\/2021\/08\/HD3LXEFg-scaled.jpg","contentUrl":"https:\/\/camperelfstedentocht.nl\/wp-content\/uploads\/2021\/08\/HD3LXEFg-scaled.jpg","width":2560,"height":2382,"caption":"Camperelfstedentocht - Briefmarken"},{"@type":"BreadcrumbList","@id":"https:\/\/camperelfstedentocht.nl\/de\/so-geht-es\/#breadcrumb","itemListElement":[{"@type":"ListItem","position":1,"name":"Home","item":"https:\/\/camperelfstedentocht.nl\/de\/"},{"@type":"ListItem","position":2,"name":"Methode"}]},{"@type":"WebSite","@id":"https:\/\/camperelfstedentocht.nl\/de\/#website","url":"https:\/\/camperelfstedentocht.nl\/de\/","name":"Camperelfstedentocht","description":"De tocht der tochten, gewoon met de camper!","publisher":{"@id":"https:\/\/camperelfstedentocht.nl\/de\/#organization"},"potentialAction":[{"@type":"SearchAction","target":{"@type":"EntryPoint","urlTemplate":"https:\/\/camperelfstedentocht.nl\/de\/?s={search_term_string}"},"query-input":{"@type":"PropertyValueSpecification","valueRequired":true,"valueName":"search_term_string"}}],"inLanguage":"de"},{"@type":"Organization","@id":"https:\/\/camperelfstedentocht.nl\/de\/#organization","name":"Camperelfstedentocht","url":"https:\/\/camperelfstedentocht.nl\/de\/","logo":{"@type":"ImageObject","inLanguage":"de","@id":"https:\/\/camperelfstedentocht.nl\/de\/#\/schema\/logo\/image\/","url":"https:\/\/camperelfstedentocht.nl\/wp-content\/uploads\/2020\/10\/Logo-1.png","contentUrl":"https:\/\/camperelfstedentocht.nl\/wp-content\/uploads\/2020\/10\/Logo-1.png","width":1418,"height":659,"caption":"Camperelfstedentocht"},"image":{"@id":"https:\/\/camperelfstedentocht.nl\/de\/#\/schema\/logo\/image\/"}}]}},"_links":{"self":[{"href":"https:\/\/camperelfstedentocht.nl\/de\/wp-json\/wp\/v2\/pages\/4578","targetHints":{"allow":["GET"]}}],"collection":[{"href":"https:\/\/camperelfstedentocht.nl\/de\/wp-json\/wp\/v2\/pages"}],"about":[{"href":"https:\/\/camperelfstedentocht.nl\/de\/wp-json\/wp\/v2\/types\/page"}],"author":[{"embeddable":true,"href":"https:\/\/camperelfstedentocht.nl\/de\/wp-json\/wp\/v2\/users\/1"}],"replies":[{"embeddable":true,"href":"https:\/\/camperelfstedentocht.nl\/de\/wp-json\/wp\/v2\/comments?post=4578"}],"version-history":[{"count":2,"href":"https:\/\/camperelfstedentocht.nl\/de\/wp-json\/wp\/v2\/pages\/4578\/revisions"}],"predecessor-version":[{"id":9591,"href":"https:\/\/camperelfstedentocht.nl\/de\/wp-json\/wp\/v2\/pages\/4578\/revisions\/9591"}],"wp:featuredmedia":[{"embeddable":true,"href":"https:\/\/camperelfstedentocht.nl\/de\/wp-json\/wp\/v2\/media\/4489"}],"wp:attachment":[{"href":"https:\/\/camperelfstedentocht.nl\/de\/wp-json\/wp\/v2\/media?parent=4578"}],"curies":[{"name":"wp","href":"https:\/\/api.w.org\/{rel}","templated":true}]}}