{"id":9653,"date":"2026-02-10T10:59:43","date_gmt":"2026-02-10T10:59:43","guid":{"rendered":"https:\/\/camperelfstedentocht.nl\/wohnmobil-verkaufen\/"},"modified":"2026-04-26T21:55:34","modified_gmt":"2026-04-26T21:55:34","slug":"wohnmobil-verkaufen","status":"publish","type":"page","link":"https:\/\/camperelfstedentocht.nl\/de\/wohnmobil-verkaufen\/","title":{"rendered":"Wohnmobil verkaufen"},"content":{"rendered":"\t\t<div data-elementor-type=\"wp-page\" data-elementor-id=\"9653\" class=\"elementor elementor-9653 elementor-9630\" data-elementor-post-type=\"page\">\n\t\t\t\t<div class=\"elementor-element elementor-element-b85d9cc e-con-full e-flex e-con e-parent\" data-id=\"b85d9cc\" data-element_type=\"container\" data-e-type=\"container\" data-settings=\"{&quot;jet_parallax_layout_list&quot;:[]}\">\n\t\t<div class=\"elementor-element elementor-element-5d3ad7d e-con-full e-flex e-con e-child\" data-id=\"5d3ad7d\" data-element_type=\"container\" data-e-type=\"container\" data-settings=\"{&quot;jet_parallax_layout_list&quot;:[]}\">\n\t\t\t\t<div class=\"elementor-element elementor-element-5e871a8 elementor-widget elementor-widget-heading\" data-id=\"5e871a8\" data-element_type=\"widget\" data-e-type=\"widget\" data-widget_type=\"heading.default\">\n\t\t\t\t\t<h2 class=\"elementor-heading-title elementor-size-default\">Freiheit, Entdeckung und Vergn\u00fcgen<\/h2>\t\t\t\t<\/div>\n\t\t\t\t<div class=\"elementor-element elementor-element-9372d4d elementor-widget elementor-widget-heading\" data-id=\"9372d4d\" data-element_type=\"widget\" data-e-type=\"widget\" data-widget_type=\"heading.default\">\n\t\t\t\t\t<h2 class=\"elementor-heading-title elementor-size-default\">Wohnmobil verkaufen an Hulshof<\/h2>\t\t\t\t<\/div>\n\t\t\t\t<div class=\"elementor-element elementor-element-83bd351 elementor-widget elementor-widget-text-editor\" data-id=\"83bd351\" data-element_type=\"widget\" data-e-type=\"widget\" data-widget_type=\"text-editor.default\">\n\t\t\t\t\t\t\t\t\t<p>Sie wollen Ihr Wohnmobil verkaufen und m\u00f6chten sich nicht mit Privatverk\u00e4ufen, endlosen Nachrichten oder Hausbesichtigungen herumschlagen? Dann ist das Anbieten Ihres Wohnmobils bei <a href=\"http:\/\/hulshofwatersportencampers.nl\/\" target=\"_blank\" rel=\"noopener\">Hulshof Watersport en Campers<\/a> eine kluge und zuverl\u00e4ssige Wahl. <\/p><p>Sie sind st\u00e4ndig auf der Suche nach gut gewarteten und jungen Wohnmobilen und wickeln den Verkaufsprozess professionell ab.<\/p>\t\t\t\t\t\t\t\t<\/div>\n\t\t\t\t<div class=\"elementor-element elementor-element-7948211 elementor-align-left elementor-mobile-align-justify knop elementor-widget elementor-widget-button\" data-id=\"7948211\" data-element_type=\"widget\" data-e-type=\"widget\" data-widget_type=\"button.default\">\n\t\t\t\t\t\t\t\t\t\t<a class=\"elementor-button elementor-button-link elementor-size-md\" href=\"https:\/\/hulshofwatersportencampers.nl\/camper-verkopen\/\" target=\"_blank\">\n\t\t\t\t\t\t<span class=\"elementor-button-content-wrapper\">\n\t\t\t\t\t\t<span class=\"elementor-button-icon\">\n\t\t\t\t<svg aria-hidden=\"true\" class=\"e-font-icon-svg e-fas-arrow-right\" viewBox=\"0 0 448 512\" xmlns=\"http:\/\/www.w3.org\/2000\/svg\"><path d=\"M190.5 66.9l22.2-22.2c9.4-9.4 24.6-9.4 33.9 0L441 239c9.4 9.4 9.4 24.6 0 33.9L246.6 467.3c-9.4 9.4-24.6 9.4-33.9 0l-22.2-22.2c-9.5-9.5-9.3-25 .4-34.3L311.4 296H24c-13.3 0-24-10.7-24-24v-32c0-13.3 10.7-24 24-24h287.4L190.9 101.2c-9.8-9.3-10-24.8-.4-34.3z\"><\/path><\/svg>\t\t\t<\/span>\n\t\t\t\t\t\t\t\t\t<span class=\"elementor-button-text\">Mehr entdecken<\/span>\n\t\t\t\t\t<\/span>\n\t\t\t\t\t<\/a>\n\t\t\t\t\t\t\t\t<\/div>\n\t\t\t\t<\/div>\n\t\t<div class=\"elementor-element elementor-element-fef4741 e-con-full e-flex e-con e-child\" data-id=\"fef4741\" data-element_type=\"container\" data-e-type=\"container\" data-settings=\"{&quot;jet_parallax_layout_list&quot;:[]}\">\n\t\t<div class=\"elementor-element elementor-element-105be69 e-con-full e-flex e-con e-child\" data-id=\"105be69\" data-element_type=\"container\" data-e-type=\"container\" data-settings=\"{&quot;background_background&quot;:&quot;classic&quot;,&quot;jet_parallax_layout_list&quot;:[]}\">\n\t\t\t\t<div class=\"elementor-element elementor-element-518bf28 elementor-widget elementor-widget-heading\" data-id=\"518bf28\" data-element_type=\"widget\" data-e-type=\"widget\" data-widget_type=\"heading.default\">\n\t\t\t\t\t<h3 class=\"elementor-heading-title elementor-size-default\">Warum ein Wohnmobil bei Hulshof verkaufen?<\/h3>\t\t\t\t<\/div>\n\t\t\t\t<div class=\"elementor-element elementor-element-6d8aec6 elementor-icon-list--layout-traditional elementor-list-item-link-full_width elementor-widget elementor-widget-icon-list\" data-id=\"6d8aec6\" data-element_type=\"widget\" data-e-type=\"widget\" data-widget_type=\"icon-list.default\">\n\t\t\t\t\t\t\t<ul class=\"elementor-icon-list-items\">\n\t\t\t\t\t\t\t<li class=\"elementor-icon-list-item\">\n\t\t\t\t\t\t\t\t\t\t\t<span class=\"elementor-icon-list-icon\">\n\t\t\t\t\t\t\t<svg aria-hidden=\"true\" class=\"e-font-icon-svg e-fas-check\" viewBox=\"0 0 512 512\" xmlns=\"http:\/\/www.w3.org\/2000\/svg\"><path d=\"M173.898 439.404l-166.4-166.4c-9.997-9.997-9.997-26.206 0-36.204l36.203-36.204c9.997-9.998 26.207-9.998 36.204 0L192 312.69 432.095 72.596c9.997-9.997 26.207-9.997 36.204 0l36.203 36.204c9.997 9.997 9.997 26.206 0 36.204l-294.4 294.401c-9.998 9.997-26.207 9.997-36.204-.001z\"><\/path><\/svg>\t\t\t\t\t\t<\/span>\n\t\t\t\t\t\t\t\t\t\t<span class=\"elementor-icon-list-text\">Schnelle und klare Handhabung<\/span>\n\t\t\t\t\t\t\t\t\t<\/li>\n\t\t\t\t\t\t\t\t<li class=\"elementor-icon-list-item\">\n\t\t\t\t\t\t\t\t\t\t\t<span class=\"elementor-icon-list-icon\">\n\t\t\t\t\t\t\t<svg aria-hidden=\"true\" class=\"e-font-icon-svg e-fas-check\" viewBox=\"0 0 512 512\" xmlns=\"http:\/\/www.w3.org\/2000\/svg\"><path d=\"M173.898 439.404l-166.4-166.4c-9.997-9.997-9.997-26.206 0-36.204l36.203-36.204c9.997-9.998 26.207-9.998 36.204 0L192 312.69 432.095 72.596c9.997-9.997 26.207-9.997 36.204 0l36.203 36.204c9.997 9.997 9.997 26.206 0 36.204l-294.4 294.401c-9.998 9.997-26.207 9.997-36.204-.001z\"><\/path><\/svg>\t\t\t\t\t\t<\/span>\n\t\t\t\t\t\t\t\t\t\t<span class=\"elementor-icon-list-text\">Keine Unsicherheit oder verschwendete Zeit<\/span>\n\t\t\t\t\t\t\t\t\t<\/li>\n\t\t\t\t\t\t\t\t<li class=\"elementor-icon-list-item\">\n\t\t\t\t\t\t\t\t\t\t\t<span class=\"elementor-icon-list-icon\">\n\t\t\t\t\t\t\t<svg aria-hidden=\"true\" class=\"e-font-icon-svg e-fas-check\" viewBox=\"0 0 512 512\" xmlns=\"http:\/\/www.w3.org\/2000\/svg\"><path d=\"M173.898 439.404l-166.4-166.4c-9.997-9.997-9.997-26.206 0-36.204l36.203-36.204c9.997-9.998 26.207-9.998 36.204 0L192 312.69 432.095 72.596c9.997-9.997 26.207-9.997 36.204 0l36.203 36.204c9.997 9.997 9.997 26.206 0 36.204l-294.4 294.401c-9.998 9.997-26.207 9.997-36.204-.001z\"><\/path><\/svg>\t\t\t\t\t\t<\/span>\n\t\t\t\t\t\t\t\t\t\t<span class=\"elementor-icon-list-text\">Zuverl\u00e4ssige Partei mit Marktkenntnis<\/span>\n\t\t\t\t\t\t\t\t\t<\/li>\n\t\t\t\t\t\t\t\t<li class=\"elementor-icon-list-item\">\n\t\t\t\t\t\t\t\t\t\t\t<span class=\"elementor-icon-list-icon\">\n\t\t\t\t\t\t\t<svg aria-hidden=\"true\" class=\"e-font-icon-svg e-fas-check\" viewBox=\"0 0 512 512\" xmlns=\"http:\/\/www.w3.org\/2000\/svg\"><path d=\"M173.898 439.404l-166.4-166.4c-9.997-9.997-9.997-26.206 0-36.204l36.203-36.204c9.997-9.998 26.207-9.998 36.204 0L192 312.69 432.095 72.596c9.997-9.997 26.207-9.997 36.204 0l36.203 36.204c9.997 9.997 9.997 26.206 0 36.204l-294.4 294.401c-9.998 9.997-26.207 9.997-36.204-.001z\"><\/path><\/svg>\t\t\t\t\t\t<\/span>\n\t\t\t\t\t\t\t\t\t\t<span class=\"elementor-icon-list-text\">Sie interessieren sich f\u00fcr verschiedene Arten von Wohnmobilen<\/span>\n\t\t\t\t\t\t\t\t\t<\/li>\n\t\t\t\t\t\t<\/ul>\n\t\t\t\t\t\t<\/div>\n\t\t\t\t<\/div>\n\t\t\t\t<\/div>\n\t\t\t\t<\/div>\n\t\t\t\t<\/div>\n\t\t","protected":false},"excerpt":{"rendered":"<p>Freiheit, Entdeckung und Vergn\u00fcgen Wohnmobil verkaufen an Hulshof Sie wollen Ihr Wohnmobil verkaufen und m\u00f6chten sich nicht mit Privatverk\u00e4ufen, endlosen Nachrichten oder Hausbesichtigungen herumschlagen? Dann ist das Anbieten Ihres Wohnmobils bei Hulshof Watersport en Campers eine kluge und zuverl\u00e4ssige Wahl. Sie sind st\u00e4ndig auf der Suche nach gut gewarteten und jungen Wohnmobilen und wickeln den [&hellip;]<\/p>\n","protected":false},"author":1,"featured_media":9654,"parent":0,"menu_order":0,"comment_status":"closed","ping_status":"closed","template":"","meta":{"footnotes":""},"class_list":["post-9653","page","type-page","status-publish","has-post-thumbnail","hentry"],"yoast_head":"<!-- This site is optimized with the Yoast SEO plugin v27.6 - https:\/\/yoast.com\/product\/yoast-seo-wordpress\/ -->\n<title>Wohnmobil verkaufen - Camperelfstedentocht<\/title>\n<meta name=\"robots\" content=\"index, follow, max-snippet:-1, max-image-preview:large, max-video-preview:-1\" \/>\n<link rel=\"canonical\" href=\"https:\/\/camperelfstedentocht.nl\/de\/wohnmobil-verkaufen\/\" \/>\n<meta property=\"og:locale\" content=\"de_DE\" \/>\n<meta property=\"og:type\" content=\"article\" \/>\n<meta property=\"og:title\" content=\"Wohnmobil verkaufen - Camperelfstedentocht\" \/>\n<meta property=\"og:description\" content=\"Freiheit, Entdeckung und Vergn\u00fcgen Wohnmobil verkaufen an Hulshof Sie wollen Ihr Wohnmobil verkaufen und m\u00f6chten sich nicht mit Privatverk\u00e4ufen, endlosen Nachrichten oder Hausbesichtigungen herumschlagen? Dann ist das Anbieten Ihres Wohnmobils bei Hulshof Watersport en Campers eine kluge und zuverl\u00e4ssige Wahl. Sie sind st\u00e4ndig auf der Suche nach gut gewarteten und jungen Wohnmobilen und wickeln den [&hellip;]\" \/>\n<meta property=\"og:url\" content=\"https:\/\/camperelfstedentocht.nl\/de\/wohnmobil-verkaufen\/\" \/>\n<meta property=\"og:site_name\" content=\"Camperelfstedentocht\" \/>\n<meta property=\"article:modified_time\" content=\"2026-04-26T21:55:34+00:00\" \/>\n<meta property=\"og:image\" content=\"https:\/\/camperelfstedentocht.nl\/wp-content\/uploads\/2026\/02\/999999999.20260210095956922.999999999.20260210095956922tqCJv.webp\" \/>\n\t<meta property=\"og:image:width\" content=\"1280\" \/>\n\t<meta property=\"og:image:height\" content=\"853\" \/>\n\t<meta property=\"og:image:type\" content=\"image\/webp\" \/>\n<meta name=\"twitter:card\" content=\"summary_large_image\" \/>\n<script type=\"application\/ld+json\" class=\"yoast-schema-graph\">{\"@context\":\"https:\\\/\\\/schema.org\",\"@graph\":[{\"@type\":\"WebPage\",\"@id\":\"https:\\\/\\\/camperelfstedentocht.nl\\\/de\\\/wohnmobil-verkaufen\\\/\",\"url\":\"https:\\\/\\\/camperelfstedentocht.nl\\\/de\\\/wohnmobil-verkaufen\\\/\",\"name\":\"Wohnmobil verkaufen - Camperelfstedentocht\",\"isPartOf\":{\"@id\":\"https:\\\/\\\/camperelfstedentocht.nl\\\/de\\\/#website\"},\"primaryImageOfPage\":{\"@id\":\"https:\\\/\\\/camperelfstedentocht.nl\\\/de\\\/wohnmobil-verkaufen\\\/#primaryimage\"},\"image\":{\"@id\":\"https:\\\/\\\/camperelfstedentocht.nl\\\/de\\\/wohnmobil-verkaufen\\\/#primaryimage\"},\"thumbnailUrl\":\"https:\\\/\\\/camperelfstedentocht.nl\\\/wp-content\\\/uploads\\\/2026\\\/02\\\/999999999.20260210095956922.999999999.20260210095956922tqCJv.webp\",\"datePublished\":\"2026-02-10T10:59:43+00:00\",\"dateModified\":\"2026-04-26T21:55:34+00:00\",\"breadcrumb\":{\"@id\":\"https:\\\/\\\/camperelfstedentocht.nl\\\/de\\\/wohnmobil-verkaufen\\\/#breadcrumb\"},\"inLanguage\":\"de\",\"potentialAction\":[{\"@type\":\"ReadAction\",\"target\":[\"https:\\\/\\\/camperelfstedentocht.nl\\\/de\\\/wohnmobil-verkaufen\\\/\"]}]},{\"@type\":\"ImageObject\",\"inLanguage\":\"de\",\"@id\":\"https:\\\/\\\/camperelfstedentocht.nl\\\/de\\\/wohnmobil-verkaufen\\\/#primaryimage\",\"url\":\"https:\\\/\\\/camperelfstedentocht.nl\\\/wp-content\\\/uploads\\\/2026\\\/02\\\/999999999.20260210095956922.999999999.20260210095956922tqCJv.webp\",\"contentUrl\":\"https:\\\/\\\/camperelfstedentocht.nl\\\/wp-content\\\/uploads\\\/2026\\\/02\\\/999999999.20260210095956922.999999999.20260210095956922tqCJv.webp\",\"width\":1280,\"height\":853},{\"@type\":\"BreadcrumbList\",\"@id\":\"https:\\\/\\\/camperelfstedentocht.nl\\\/de\\\/wohnmobil-verkaufen\\\/#breadcrumb\",\"itemListElement\":[{\"@type\":\"ListItem\",\"position\":1,\"name\":\"Home\",\"item\":\"https:\\\/\\\/camperelfstedentocht.nl\\\/de\\\/\"},{\"@type\":\"ListItem\",\"position\":2,\"name\":\"Wohnmobil verkaufen\"}]},{\"@type\":\"WebSite\",\"@id\":\"https:\\\/\\\/camperelfstedentocht.nl\\\/de\\\/#website\",\"url\":\"https:\\\/\\\/camperelfstedentocht.nl\\\/de\\\/\",\"name\":\"Camperelfstedentocht\",\"description\":\"De tocht der tochten, gewoon met de camper!\",\"publisher\":{\"@id\":\"https:\\\/\\\/camperelfstedentocht.nl\\\/de\\\/#organization\"},\"potentialAction\":[{\"@type\":\"SearchAction\",\"target\":{\"@type\":\"EntryPoint\",\"urlTemplate\":\"https:\\\/\\\/camperelfstedentocht.nl\\\/de\\\/?s={search_term_string}\"},\"query-input\":{\"@type\":\"PropertyValueSpecification\",\"valueRequired\":true,\"valueName\":\"search_term_string\"}}],\"inLanguage\":\"de\"},{\"@type\":\"Organization\",\"@id\":\"https:\\\/\\\/camperelfstedentocht.nl\\\/de\\\/#organization\",\"name\":\"Camperelfstedentocht\",\"url\":\"https:\\\/\\\/camperelfstedentocht.nl\\\/de\\\/\",\"logo\":{\"@type\":\"ImageObject\",\"inLanguage\":\"de\",\"@id\":\"https:\\\/\\\/camperelfstedentocht.nl\\\/de\\\/#\\\/schema\\\/logo\\\/image\\\/\",\"url\":\"https:\\\/\\\/camperelfstedentocht.nl\\\/wp-content\\\/uploads\\\/2020\\\/10\\\/Logo-1.png\",\"contentUrl\":\"https:\\\/\\\/camperelfstedentocht.nl\\\/wp-content\\\/uploads\\\/2020\\\/10\\\/Logo-1.png\",\"width\":1418,\"height\":659,\"caption\":\"Camperelfstedentocht\"},\"image\":{\"@id\":\"https:\\\/\\\/camperelfstedentocht.nl\\\/de\\\/#\\\/schema\\\/logo\\\/image\\\/\"}}]}<\/script>\n<!-- \/ Yoast SEO plugin. -->","yoast_head_json":{"title":"Wohnmobil verkaufen - Camperelfstedentocht","robots":{"index":"index","follow":"follow","max-snippet":"max-snippet:-1","max-image-preview":"max-image-preview:large","max-video-preview":"max-video-preview:-1"},"canonical":"https:\/\/camperelfstedentocht.nl\/de\/wohnmobil-verkaufen\/","og_locale":"de_DE","og_type":"article","og_title":"Wohnmobil verkaufen - Camperelfstedentocht","og_description":"Freiheit, Entdeckung und Vergn\u00fcgen Wohnmobil verkaufen an Hulshof Sie wollen Ihr Wohnmobil verkaufen und m\u00f6chten sich nicht mit Privatverk\u00e4ufen, endlosen Nachrichten oder Hausbesichtigungen herumschlagen? Dann ist das Anbieten Ihres Wohnmobils bei Hulshof Watersport en Campers eine kluge und zuverl\u00e4ssige Wahl. Sie sind st\u00e4ndig auf der Suche nach gut gewarteten und jungen Wohnmobilen und wickeln den [&hellip;]","og_url":"https:\/\/camperelfstedentocht.nl\/de\/wohnmobil-verkaufen\/","og_site_name":"Camperelfstedentocht","article_modified_time":"2026-04-26T21:55:34+00:00","og_image":[{"width":1280,"height":853,"url":"https:\/\/camperelfstedentocht.nl\/wp-content\/uploads\/2026\/02\/999999999.20260210095956922.999999999.20260210095956922tqCJv.webp","type":"image\/webp"}],"twitter_card":"summary_large_image","schema":{"@context":"https:\/\/schema.org","@graph":[{"@type":"WebPage","@id":"https:\/\/camperelfstedentocht.nl\/de\/wohnmobil-verkaufen\/","url":"https:\/\/camperelfstedentocht.nl\/de\/wohnmobil-verkaufen\/","name":"Wohnmobil verkaufen - Camperelfstedentocht","isPartOf":{"@id":"https:\/\/camperelfstedentocht.nl\/de\/#website"},"primaryImageOfPage":{"@id":"https:\/\/camperelfstedentocht.nl\/de\/wohnmobil-verkaufen\/#primaryimage"},"image":{"@id":"https:\/\/camperelfstedentocht.nl\/de\/wohnmobil-verkaufen\/#primaryimage"},"thumbnailUrl":"https:\/\/camperelfstedentocht.nl\/wp-content\/uploads\/2026\/02\/999999999.20260210095956922.999999999.20260210095956922tqCJv.webp","datePublished":"2026-02-10T10:59:43+00:00","dateModified":"2026-04-26T21:55:34+00:00","breadcrumb":{"@id":"https:\/\/camperelfstedentocht.nl\/de\/wohnmobil-verkaufen\/#breadcrumb"},"inLanguage":"de","potentialAction":[{"@type":"ReadAction","target":["https:\/\/camperelfstedentocht.nl\/de\/wohnmobil-verkaufen\/"]}]},{"@type":"ImageObject","inLanguage":"de","@id":"https:\/\/camperelfstedentocht.nl\/de\/wohnmobil-verkaufen\/#primaryimage","url":"https:\/\/camperelfstedentocht.nl\/wp-content\/uploads\/2026\/02\/999999999.20260210095956922.999999999.20260210095956922tqCJv.webp","contentUrl":"https:\/\/camperelfstedentocht.nl\/wp-content\/uploads\/2026\/02\/999999999.20260210095956922.999999999.20260210095956922tqCJv.webp","width":1280,"height":853},{"@type":"BreadcrumbList","@id":"https:\/\/camperelfstedentocht.nl\/de\/wohnmobil-verkaufen\/#breadcrumb","itemListElement":[{"@type":"ListItem","position":1,"name":"Home","item":"https:\/\/camperelfstedentocht.nl\/de\/"},{"@type":"ListItem","position":2,"name":"Wohnmobil verkaufen"}]},{"@type":"WebSite","@id":"https:\/\/camperelfstedentocht.nl\/de\/#website","url":"https:\/\/camperelfstedentocht.nl\/de\/","name":"Camperelfstedentocht","description":"De tocht der tochten, gewoon met de camper!","publisher":{"@id":"https:\/\/camperelfstedentocht.nl\/de\/#organization"},"potentialAction":[{"@type":"SearchAction","target":{"@type":"EntryPoint","urlTemplate":"https:\/\/camperelfstedentocht.nl\/de\/?s={search_term_string}"},"query-input":{"@type":"PropertyValueSpecification","valueRequired":true,"valueName":"search_term_string"}}],"inLanguage":"de"},{"@type":"Organization","@id":"https:\/\/camperelfstedentocht.nl\/de\/#organization","name":"Camperelfstedentocht","url":"https:\/\/camperelfstedentocht.nl\/de\/","logo":{"@type":"ImageObject","inLanguage":"de","@id":"https:\/\/camperelfstedentocht.nl\/de\/#\/schema\/logo\/image\/","url":"https:\/\/camperelfstedentocht.nl\/wp-content\/uploads\/2020\/10\/Logo-1.png","contentUrl":"https:\/\/camperelfstedentocht.nl\/wp-content\/uploads\/2020\/10\/Logo-1.png","width":1418,"height":659,"caption":"Camperelfstedentocht"},"image":{"@id":"https:\/\/camperelfstedentocht.nl\/de\/#\/schema\/logo\/image\/"}}]}},"_links":{"self":[{"href":"https:\/\/camperelfstedentocht.nl\/de\/wp-json\/wp\/v2\/pages\/9653","targetHints":{"allow":["GET"]}}],"collection":[{"href":"https:\/\/camperelfstedentocht.nl\/de\/wp-json\/wp\/v2\/pages"}],"about":[{"href":"https:\/\/camperelfstedentocht.nl\/de\/wp-json\/wp\/v2\/types\/page"}],"author":[{"embeddable":true,"href":"https:\/\/camperelfstedentocht.nl\/de\/wp-json\/wp\/v2\/users\/1"}],"replies":[{"embeddable":true,"href":"https:\/\/camperelfstedentocht.nl\/de\/wp-json\/wp\/v2\/comments?post=9653"}],"version-history":[{"count":2,"href":"https:\/\/camperelfstedentocht.nl\/de\/wp-json\/wp\/v2\/pages\/9653\/revisions"}],"predecessor-version":[{"id":9674,"href":"https:\/\/camperelfstedentocht.nl\/de\/wp-json\/wp\/v2\/pages\/9653\/revisions\/9674"}],"wp:featuredmedia":[{"embeddable":true,"href":"https:\/\/camperelfstedentocht.nl\/de\/wp-json\/wp\/v2\/media\/9654"}],"wp:attachment":[{"href":"https:\/\/camperelfstedentocht.nl\/de\/wp-json\/wp\/v2\/media?parent=9653"}],"curies":[{"name":"wp","href":"https:\/\/api.w.org\/{rel}","templated":true}]}}