{"id":9659,"date":"2026-02-10T10:59:44","date_gmt":"2026-02-10T10:59:44","guid":{"rendered":"https:\/\/camperelfstedentocht.nl\/wohnmobil-kaufen\/"},"modified":"2026-02-10T10:59:45","modified_gmt":"2026-02-10T10:59:45","slug":"wohnmobil-kaufen","status":"publish","type":"page","link":"https:\/\/camperelfstedentocht.nl\/de\/wohnmobil-kaufen\/","title":{"rendered":"Wohnmobil kaufen"},"content":{"rendered":"\t\t<div data-elementor-type=\"wp-page\" data-elementor-id=\"9659\" class=\"elementor elementor-9659 elementor-9625\" data-elementor-post-type=\"page\">\n\t\t\t\t<div class=\"elementor-element elementor-element-7824b68 e-con-full e-flex e-con e-parent\" data-id=\"7824b68\" data-element_type=\"container\" data-e-type=\"container\" data-settings=\"{&quot;jet_parallax_layout_list&quot;:[]}\">\n\t\t<div class=\"elementor-element elementor-element-ab5c82e e-con-full e-flex e-con e-child\" data-id=\"ab5c82e\" data-element_type=\"container\" data-e-type=\"container\" data-settings=\"{&quot;jet_parallax_layout_list&quot;:[]}\">\n\t\t\t\t<div class=\"elementor-element elementor-element-f398307 elementor-widget elementor-widget-heading\" data-id=\"f398307\" data-element_type=\"widget\" data-e-type=\"widget\" data-widget_type=\"heading.default\">\n\t\t\t\t\t<h2 class=\"elementor-heading-title elementor-size-default\">Freiheit, Entdeckung und Vergn\u00fcgen<\/h2>\t\t\t\t<\/div>\n\t\t\t\t<div class=\"elementor-element elementor-element-486c7df elementor-widget elementor-widget-heading\" data-id=\"486c7df\" data-element_type=\"widget\" data-e-type=\"widget\" data-widget_type=\"heading.default\">\n\t\t\t\t\t<h2 class=\"elementor-heading-title elementor-size-default\">Ein Wohnmobil kaufen bei Hulshoff<\/h2>\t\t\t\t<\/div>\n\t\t\t\t<div class=\"elementor-element elementor-element-c3c8e1d elementor-widget elementor-widget-text-editor\" data-id=\"c3c8e1d\" data-element_type=\"widget\" data-e-type=\"widget\" data-widget_type=\"text-editor.default\">\n\t\t\t\t\t\t\t\t\t<p>Die Camperelfstedentocht steht f\u00fcr Freiheit, Entdeckung und Genuss des Reisemobillebens.<br>W\u00e4hrend der Tour stellen wir fest, dass viele Reisemobilisten nicht nur unterwegs sind, sondern auch \u00fcber ihr <strong>n\u00e4chstes Reisemobil<\/strong> nachdenken &#8211; oder umgekehrt \u00fcber den Verkauf ihres aktuellen Fahrzeugs.<\/p><p>Deshalb verweisen wir Sie gerne an einen zuverl\u00e4ssigen und erfahrenen Anbieter: <a href=\"https:\/\/hulshofwatersportencampers.nl\/\" target=\"_blank\" rel=\"noopener\"><strong>Hulshof Wassersport und Camper<\/strong><\/a>.<\/p><p>Sind Sie bereit f\u00fcr ein neues Wohnmobil oder m\u00f6chten Sie auf ein anderes Modell umsteigen?<br>Ganz gleich, ob Sie mehr Platz ben\u00f6tigen, kompakter reisen m\u00f6chten oder Ihr Wohnmobil besser an Ihre Reisegewohnheiten anpassen wollen, eine gute Wahl beginnt mit einem zuverl\u00e4ssigen Unternehmen mit den richtigen Leuten.  <\/p><p>Hulshof Watersport en Campers bietet ein wechselndes und sorgf\u00e4ltig ausgew\u00e4hltes Angebot an Wohnmobilen. Geeignet f\u00fcr Paare, Familien und aktive Camper, die gerne sorglos unterwegs sind. <\/p>\t\t\t\t\t\t\t\t<\/div>\n\t\t\t\t<div class=\"elementor-element elementor-element-81c7606 elementor-align-left elementor-mobile-align-justify knop elementor-widget elementor-widget-button\" data-id=\"81c7606\" data-element_type=\"widget\" data-e-type=\"widget\" data-widget_type=\"button.default\">\n\t\t\t\t\t\t\t\t\t\t<a class=\"elementor-button elementor-button-link elementor-size-md\" href=\"https:\/\/hulshofwatersportencampers.nl\/boot-of-camper-kopen\/\" target=\"_blank\">\n\t\t\t\t\t\t<span class=\"elementor-button-content-wrapper\">\n\t\t\t\t\t\t<span class=\"elementor-button-icon\">\n\t\t\t\t<svg aria-hidden=\"true\" class=\"e-font-icon-svg e-fas-arrow-right\" viewBox=\"0 0 448 512\" xmlns=\"http:\/\/www.w3.org\/2000\/svg\"><path d=\"M190.5 66.9l22.2-22.2c9.4-9.4 24.6-9.4 33.9 0L441 239c9.4 9.4 9.4 24.6 0 33.9L246.6 467.3c-9.4 9.4-24.6 9.4-33.9 0l-22.2-22.2c-9.5-9.5-9.3-25 .4-34.3L311.4 296H24c-13.3 0-24-10.7-24-24v-32c0-13.3 10.7-24 24-24h287.4L190.9 101.2c-9.8-9.3-10-24.8-.4-34.3z\"><\/path><\/svg>\t\t\t<\/span>\n\t\t\t\t\t\t\t\t\t<span class=\"elementor-button-text\">Entdecken Sie das Angebot<\/span>\n\t\t\t\t\t<\/span>\n\t\t\t\t\t<\/a>\n\t\t\t\t\t\t\t\t<\/div>\n\t\t\t\t<\/div>\n\t\t<div class=\"elementor-element elementor-element-0d89b2a e-con-full e-flex e-con e-child\" data-id=\"0d89b2a\" data-element_type=\"container\" data-e-type=\"container\" data-settings=\"{&quot;jet_parallax_layout_list&quot;:[]}\">\n\t\t<div class=\"elementor-element elementor-element-5ec4ede e-con-full e-flex e-con e-child\" data-id=\"5ec4ede\" data-element_type=\"container\" data-e-type=\"container\" data-settings=\"{&quot;background_background&quot;:&quot;classic&quot;,&quot;jet_parallax_layout_list&quot;:[]}\">\n\t\t\t\t<div class=\"elementor-element elementor-element-11faed7 elementor-widget elementor-widget-heading\" data-id=\"11faed7\" data-element_type=\"widget\" data-e-type=\"widget\" data-widget_type=\"heading.default\">\n\t\t\t\t\t<h3 class=\"elementor-heading-title elementor-size-default\">Warum ein Wohnmobil bei Hulshof kaufen?<\/h3>\t\t\t\t<\/div>\n\t\t\t\t<div class=\"elementor-element elementor-element-b2f0521 elementor-icon-list--layout-traditional elementor-list-item-link-full_width elementor-widget elementor-widget-icon-list\" data-id=\"b2f0521\" data-element_type=\"widget\" data-e-type=\"widget\" data-widget_type=\"icon-list.default\">\n\t\t\t\t\t\t\t<ul class=\"elementor-icon-list-items\">\n\t\t\t\t\t\t\t<li class=\"elementor-icon-list-item\">\n\t\t\t\t\t\t\t\t\t\t\t<span class=\"elementor-icon-list-icon\">\n\t\t\t\t\t\t\t<svg aria-hidden=\"true\" class=\"e-font-icon-svg e-fas-check\" viewBox=\"0 0 512 512\" xmlns=\"http:\/\/www.w3.org\/2000\/svg\"><path d=\"M173.898 439.404l-166.4-166.4c-9.997-9.997-9.997-26.206 0-36.204l36.203-36.204c9.997-9.998 26.207-9.998 36.204 0L192 312.69 432.095 72.596c9.997-9.997 26.207-9.997 36.204 0l36.203 36.204c9.997 9.997 9.997 26.206 0 36.204l-294.4 294.401c-9.998 9.997-26.207 9.997-36.204-.001z\"><\/path><\/svg>\t\t\t\t\t\t<\/span>\n\t\t\t\t\t\t\t\t\t\t<span class=\"elementor-icon-list-text\">Spezialist f\u00fcr Wohnmobile  <\/span>\n\t\t\t\t\t\t\t\t\t<\/li>\n\t\t\t\t\t\t\t\t<li class=\"elementor-icon-list-item\">\n\t\t\t\t\t\t\t\t\t\t\t<span class=\"elementor-icon-list-icon\">\n\t\t\t\t\t\t\t<svg aria-hidden=\"true\" class=\"e-font-icon-svg e-fas-check\" viewBox=\"0 0 512 512\" xmlns=\"http:\/\/www.w3.org\/2000\/svg\"><path d=\"M173.898 439.404l-166.4-166.4c-9.997-9.997-9.997-26.206 0-36.204l36.203-36.204c9.997-9.998 26.207-9.998 36.204 0L192 312.69 432.095 72.596c9.997-9.997 26.207-9.997 36.204 0l36.203 36.204c9.997 9.997 9.997 26.206 0 36.204l-294.4 294.401c-9.998 9.997-26.207 9.997-36.204-.001z\"><\/path><\/svg>\t\t\t\t\t\t<\/span>\n\t\t\t\t\t\t\t\t\t\t<span class=\"elementor-icon-list-text\">Pers\u00f6nliche und ehrliche Beratung<\/span>\n\t\t\t\t\t\t\t\t\t<\/li>\n\t\t\t\t\t\t\t\t<li class=\"elementor-icon-list-item\">\n\t\t\t\t\t\t\t\t\t\t\t<span class=\"elementor-icon-list-icon\">\n\t\t\t\t\t\t\t<svg aria-hidden=\"true\" class=\"e-font-icon-svg e-fas-check\" viewBox=\"0 0 512 512\" xmlns=\"http:\/\/www.w3.org\/2000\/svg\"><path d=\"M173.898 439.404l-166.4-166.4c-9.997-9.997-9.997-26.206 0-36.204l36.203-36.204c9.997-9.998 26.207-9.998 36.204 0L192 312.69 432.095 72.596c9.997-9.997 26.207-9.997 36.204 0l36.203 36.204c9.997 9.997 9.997 26.206 0 36.204l-294.4 294.401c-9.998 9.997-26.207 9.997-36.204-.001z\"><\/path><\/svg>\t\t\t\t\t\t<\/span>\n\t\t\t\t\t\t\t\t\t\t<span class=\"elementor-icon-list-text\">Aktuelles Angebot an Reisemobilen<\/span>\n\t\t\t\t\t\t\t\t\t<\/li>\n\t\t\t\t\t\t\t\t<li class=\"elementor-icon-list-item\">\n\t\t\t\t\t\t\t\t\t\t\t<span class=\"elementor-icon-list-icon\">\n\t\t\t\t\t\t\t<svg aria-hidden=\"true\" class=\"e-font-icon-svg e-fas-check\" viewBox=\"0 0 512 512\" xmlns=\"http:\/\/www.w3.org\/2000\/svg\"><path d=\"M173.898 439.404l-166.4-166.4c-9.997-9.997-9.997-26.206 0-36.204l36.203-36.204c9.997-9.998 26.207-9.998 36.204 0L192 312.69 432.095 72.596c9.997-9.997 26.207-9.997 36.204 0l36.203 36.204c9.997 9.997 9.997 26.206 0 36.204l-294.4 294.401c-9.998 9.997-26.207 9.997-36.204-.001z\"><\/path><\/svg>\t\t\t\t\t\t<\/span>\n\t\t\t\t\t\t\t\t\t\t<span class=\"elementor-icon-list-text\">Inzahlungnahme von Booten m\u00f6glich  <\/span>\n\t\t\t\t\t\t\t\t\t<\/li>\n\t\t\t\t\t\t\t\t<li class=\"elementor-icon-list-item\">\n\t\t\t\t\t\t\t\t\t\t\t<span class=\"elementor-icon-list-icon\">\n\t\t\t\t\t\t\t<svg aria-hidden=\"true\" class=\"e-font-icon-svg e-fas-check\" viewBox=\"0 0 512 512\" xmlns=\"http:\/\/www.w3.org\/2000\/svg\"><path d=\"M173.898 439.404l-166.4-166.4c-9.997-9.997-9.997-26.206 0-36.204l36.203-36.204c9.997-9.998 26.207-9.998 36.204 0L192 312.69 432.095 72.596c9.997-9.997 26.207-9.997 36.204 0l36.203 36.204c9.997 9.997 9.997 26.206 0 36.204l-294.4 294.401c-9.998 9.997-26.207 9.997-36.204-.001z\"><\/path><\/svg>\t\t\t\t\t\t<\/span>\n\t\t\t\t\t\t\t\t\t\t<span class=\"elementor-icon-list-text\">Sitz in Friesland<\/span>\n\t\t\t\t\t\t\t\t\t<\/li>\n\t\t\t\t\t\t<\/ul>\n\t\t\t\t\t\t<\/div>\n\t\t\t\t<\/div>\n\t\t\t\t<\/div>\n\t\t\t\t<\/div>\n\t\t\t\t<\/div>\n\t\t","protected":false},"excerpt":{"rendered":"<p>Freiheit, Entdeckung und Vergn\u00fcgen Ein Wohnmobil kaufen bei Hulshoff Die Camperelfstedentocht steht f\u00fcr Freiheit, Entdeckung und Genuss des Reisemobillebens.W\u00e4hrend der Tour stellen wir fest, dass viele Reisemobilisten nicht nur unterwegs sind, sondern auch \u00fcber ihr n\u00e4chstes Reisemobil nachdenken &#8211; oder umgekehrt \u00fcber den Verkauf ihres aktuellen Fahrzeugs. Deshalb verweisen wir Sie gerne an einen zuverl\u00e4ssigen [&hellip;]<\/p>\n","protected":false},"author":1,"featured_media":9660,"parent":0,"menu_order":0,"comment_status":"closed","ping_status":"closed","template":"","meta":{"footnotes":""},"class_list":["post-9659","page","type-page","status-publish","has-post-thumbnail","hentry"],"yoast_head":"<!-- This site is optimized with the Yoast SEO plugin v27.4 - https:\/\/yoast.com\/product\/yoast-seo-wordpress\/ -->\n<title>Wohnmobil kaufen - Camperelfstedentocht<\/title>\n<meta name=\"robots\" content=\"index, follow, max-snippet:-1, max-image-preview:large, max-video-preview:-1\" \/>\n<link rel=\"canonical\" href=\"https:\/\/camperelfstedentocht.nl\/de\/wohnmobil-kaufen\/\" \/>\n<meta property=\"og:locale\" content=\"de_DE\" \/>\n<meta property=\"og:type\" content=\"article\" \/>\n<meta property=\"og:title\" content=\"Wohnmobil kaufen - Camperelfstedentocht\" \/>\n<meta property=\"og:description\" content=\"Freiheit, Entdeckung und Vergn\u00fcgen Ein Wohnmobil kaufen bei Hulshoff Die Camperelfstedentocht steht f\u00fcr Freiheit, Entdeckung und Genuss des Reisemobillebens.W\u00e4hrend der Tour stellen wir fest, dass viele Reisemobilisten nicht nur unterwegs sind, sondern auch \u00fcber ihr n\u00e4chstes Reisemobil nachdenken &#8211; oder umgekehrt \u00fcber den Verkauf ihres aktuellen Fahrzeugs. Deshalb verweisen wir Sie gerne an einen zuverl\u00e4ssigen [&hellip;]\" \/>\n<meta property=\"og:url\" content=\"https:\/\/camperelfstedentocht.nl\/de\/wohnmobil-kaufen\/\" \/>\n<meta property=\"og:site_name\" content=\"Camperelfstedentocht\" \/>\n<meta property=\"article:modified_time\" content=\"2026-02-10T10:59:45+00:00\" \/>\n<meta property=\"og:image\" content=\"https:\/\/camperelfstedentocht.nl\/wp-content\/uploads\/2026\/02\/999999999.20260210095956386.999999999.20260210095956386nD0g6.webp\" \/>\n\t<meta property=\"og:image:width\" content=\"1280\" \/>\n\t<meta property=\"og:image:height\" content=\"853\" \/>\n\t<meta property=\"og:image:type\" content=\"image\/webp\" \/>\n<meta name=\"twitter:card\" content=\"summary_large_image\" \/>\n<meta name=\"twitter:label1\" content=\"Gesch\u00e4tzte Lesezeit\" \/>\n\t<meta name=\"twitter:data1\" content=\"1\u00a0Minute\" \/>\n<script type=\"application\/ld+json\" class=\"yoast-schema-graph\">{\"@context\":\"https:\\\/\\\/schema.org\",\"@graph\":[{\"@type\":\"WebPage\",\"@id\":\"https:\\\/\\\/camperelfstedentocht.nl\\\/de\\\/wohnmobil-kaufen\\\/\",\"url\":\"https:\\\/\\\/camperelfstedentocht.nl\\\/de\\\/wohnmobil-kaufen\\\/\",\"name\":\"Wohnmobil kaufen - Camperelfstedentocht\",\"isPartOf\":{\"@id\":\"https:\\\/\\\/camperelfstedentocht.nl\\\/de\\\/#website\"},\"primaryImageOfPage\":{\"@id\":\"https:\\\/\\\/camperelfstedentocht.nl\\\/de\\\/wohnmobil-kaufen\\\/#primaryimage\"},\"image\":{\"@id\":\"https:\\\/\\\/camperelfstedentocht.nl\\\/de\\\/wohnmobil-kaufen\\\/#primaryimage\"},\"thumbnailUrl\":\"https:\\\/\\\/camperelfstedentocht.nl\\\/wp-content\\\/uploads\\\/2026\\\/02\\\/999999999.20260210095956386.999999999.20260210095956386nD0g6.webp\",\"datePublished\":\"2026-02-10T10:59:44+00:00\",\"dateModified\":\"2026-02-10T10:59:45+00:00\",\"breadcrumb\":{\"@id\":\"https:\\\/\\\/camperelfstedentocht.nl\\\/de\\\/wohnmobil-kaufen\\\/#breadcrumb\"},\"inLanguage\":\"de\",\"potentialAction\":[{\"@type\":\"ReadAction\",\"target\":[\"https:\\\/\\\/camperelfstedentocht.nl\\\/de\\\/wohnmobil-kaufen\\\/\"]}]},{\"@type\":\"ImageObject\",\"inLanguage\":\"de\",\"@id\":\"https:\\\/\\\/camperelfstedentocht.nl\\\/de\\\/wohnmobil-kaufen\\\/#primaryimage\",\"url\":\"https:\\\/\\\/camperelfstedentocht.nl\\\/wp-content\\\/uploads\\\/2026\\\/02\\\/999999999.20260210095956386.999999999.20260210095956386nD0g6.webp\",\"contentUrl\":\"https:\\\/\\\/camperelfstedentocht.nl\\\/wp-content\\\/uploads\\\/2026\\\/02\\\/999999999.20260210095956386.999999999.20260210095956386nD0g6.webp\",\"width\":1280,\"height\":853},{\"@type\":\"BreadcrumbList\",\"@id\":\"https:\\\/\\\/camperelfstedentocht.nl\\\/de\\\/wohnmobil-kaufen\\\/#breadcrumb\",\"itemListElement\":[{\"@type\":\"ListItem\",\"position\":1,\"name\":\"Home\",\"item\":\"https:\\\/\\\/camperelfstedentocht.nl\\\/de\\\/\"},{\"@type\":\"ListItem\",\"position\":2,\"name\":\"Wohnmobil kaufen\"}]},{\"@type\":\"WebSite\",\"@id\":\"https:\\\/\\\/camperelfstedentocht.nl\\\/de\\\/#website\",\"url\":\"https:\\\/\\\/camperelfstedentocht.nl\\\/de\\\/\",\"name\":\"Camperelfstedentocht\",\"description\":\"De tocht der tochten, gewoon met de camper!\",\"publisher\":{\"@id\":\"https:\\\/\\\/camperelfstedentocht.nl\\\/de\\\/#organization\"},\"potentialAction\":[{\"@type\":\"SearchAction\",\"target\":{\"@type\":\"EntryPoint\",\"urlTemplate\":\"https:\\\/\\\/camperelfstedentocht.nl\\\/de\\\/?s={search_term_string}\"},\"query-input\":{\"@type\":\"PropertyValueSpecification\",\"valueRequired\":true,\"valueName\":\"search_term_string\"}}],\"inLanguage\":\"de\"},{\"@type\":\"Organization\",\"@id\":\"https:\\\/\\\/camperelfstedentocht.nl\\\/de\\\/#organization\",\"name\":\"Camperelfstedentocht\",\"url\":\"https:\\\/\\\/camperelfstedentocht.nl\\\/de\\\/\",\"logo\":{\"@type\":\"ImageObject\",\"inLanguage\":\"de\",\"@id\":\"https:\\\/\\\/camperelfstedentocht.nl\\\/de\\\/#\\\/schema\\\/logo\\\/image\\\/\",\"url\":\"https:\\\/\\\/camperelfstedentocht.nl\\\/wp-content\\\/uploads\\\/2020\\\/10\\\/Logo-1.png\",\"contentUrl\":\"https:\\\/\\\/camperelfstedentocht.nl\\\/wp-content\\\/uploads\\\/2020\\\/10\\\/Logo-1.png\",\"width\":1418,\"height\":659,\"caption\":\"Camperelfstedentocht\"},\"image\":{\"@id\":\"https:\\\/\\\/camperelfstedentocht.nl\\\/de\\\/#\\\/schema\\\/logo\\\/image\\\/\"}}]}<\/script>\n<!-- \/ Yoast SEO plugin. -->","yoast_head_json":{"title":"Wohnmobil kaufen - Camperelfstedentocht","robots":{"index":"index","follow":"follow","max-snippet":"max-snippet:-1","max-image-preview":"max-image-preview:large","max-video-preview":"max-video-preview:-1"},"canonical":"https:\/\/camperelfstedentocht.nl\/de\/wohnmobil-kaufen\/","og_locale":"de_DE","og_type":"article","og_title":"Wohnmobil kaufen - Camperelfstedentocht","og_description":"Freiheit, Entdeckung und Vergn\u00fcgen Ein Wohnmobil kaufen bei Hulshoff Die Camperelfstedentocht steht f\u00fcr Freiheit, Entdeckung und Genuss des Reisemobillebens.W\u00e4hrend der Tour stellen wir fest, dass viele Reisemobilisten nicht nur unterwegs sind, sondern auch \u00fcber ihr n\u00e4chstes Reisemobil nachdenken &#8211; oder umgekehrt \u00fcber den Verkauf ihres aktuellen Fahrzeugs. Deshalb verweisen wir Sie gerne an einen zuverl\u00e4ssigen [&hellip;]","og_url":"https:\/\/camperelfstedentocht.nl\/de\/wohnmobil-kaufen\/","og_site_name":"Camperelfstedentocht","article_modified_time":"2026-02-10T10:59:45+00:00","og_image":[{"width":1280,"height":853,"url":"https:\/\/camperelfstedentocht.nl\/wp-content\/uploads\/2026\/02\/999999999.20260210095956386.999999999.20260210095956386nD0g6.webp","type":"image\/webp"}],"twitter_card":"summary_large_image","twitter_misc":{"Gesch\u00e4tzte Lesezeit":"1\u00a0Minute"},"schema":{"@context":"https:\/\/schema.org","@graph":[{"@type":"WebPage","@id":"https:\/\/camperelfstedentocht.nl\/de\/wohnmobil-kaufen\/","url":"https:\/\/camperelfstedentocht.nl\/de\/wohnmobil-kaufen\/","name":"Wohnmobil kaufen - Camperelfstedentocht","isPartOf":{"@id":"https:\/\/camperelfstedentocht.nl\/de\/#website"},"primaryImageOfPage":{"@id":"https:\/\/camperelfstedentocht.nl\/de\/wohnmobil-kaufen\/#primaryimage"},"image":{"@id":"https:\/\/camperelfstedentocht.nl\/de\/wohnmobil-kaufen\/#primaryimage"},"thumbnailUrl":"https:\/\/camperelfstedentocht.nl\/wp-content\/uploads\/2026\/02\/999999999.20260210095956386.999999999.20260210095956386nD0g6.webp","datePublished":"2026-02-10T10:59:44+00:00","dateModified":"2026-02-10T10:59:45+00:00","breadcrumb":{"@id":"https:\/\/camperelfstedentocht.nl\/de\/wohnmobil-kaufen\/#breadcrumb"},"inLanguage":"de","potentialAction":[{"@type":"ReadAction","target":["https:\/\/camperelfstedentocht.nl\/de\/wohnmobil-kaufen\/"]}]},{"@type":"ImageObject","inLanguage":"de","@id":"https:\/\/camperelfstedentocht.nl\/de\/wohnmobil-kaufen\/#primaryimage","url":"https:\/\/camperelfstedentocht.nl\/wp-content\/uploads\/2026\/02\/999999999.20260210095956386.999999999.20260210095956386nD0g6.webp","contentUrl":"https:\/\/camperelfstedentocht.nl\/wp-content\/uploads\/2026\/02\/999999999.20260210095956386.999999999.20260210095956386nD0g6.webp","width":1280,"height":853},{"@type":"BreadcrumbList","@id":"https:\/\/camperelfstedentocht.nl\/de\/wohnmobil-kaufen\/#breadcrumb","itemListElement":[{"@type":"ListItem","position":1,"name":"Home","item":"https:\/\/camperelfstedentocht.nl\/de\/"},{"@type":"ListItem","position":2,"name":"Wohnmobil kaufen"}]},{"@type":"WebSite","@id":"https:\/\/camperelfstedentocht.nl\/de\/#website","url":"https:\/\/camperelfstedentocht.nl\/de\/","name":"Camperelfstedentocht","description":"De tocht der tochten, gewoon met de camper!","publisher":{"@id":"https:\/\/camperelfstedentocht.nl\/de\/#organization"},"potentialAction":[{"@type":"SearchAction","target":{"@type":"EntryPoint","urlTemplate":"https:\/\/camperelfstedentocht.nl\/de\/?s={search_term_string}"},"query-input":{"@type":"PropertyValueSpecification","valueRequired":true,"valueName":"search_term_string"}}],"inLanguage":"de"},{"@type":"Organization","@id":"https:\/\/camperelfstedentocht.nl\/de\/#organization","name":"Camperelfstedentocht","url":"https:\/\/camperelfstedentocht.nl\/de\/","logo":{"@type":"ImageObject","inLanguage":"de","@id":"https:\/\/camperelfstedentocht.nl\/de\/#\/schema\/logo\/image\/","url":"https:\/\/camperelfstedentocht.nl\/wp-content\/uploads\/2020\/10\/Logo-1.png","contentUrl":"https:\/\/camperelfstedentocht.nl\/wp-content\/uploads\/2020\/10\/Logo-1.png","width":1418,"height":659,"caption":"Camperelfstedentocht"},"image":{"@id":"https:\/\/camperelfstedentocht.nl\/de\/#\/schema\/logo\/image\/"}}]}},"_links":{"self":[{"href":"https:\/\/camperelfstedentocht.nl\/de\/wp-json\/wp\/v2\/pages\/9659","targetHints":{"allow":["GET"]}}],"collection":[{"href":"https:\/\/camperelfstedentocht.nl\/de\/wp-json\/wp\/v2\/pages"}],"about":[{"href":"https:\/\/camperelfstedentocht.nl\/de\/wp-json\/wp\/v2\/types\/page"}],"author":[{"embeddable":true,"href":"https:\/\/camperelfstedentocht.nl\/de\/wp-json\/wp\/v2\/users\/1"}],"replies":[{"embeddable":true,"href":"https:\/\/camperelfstedentocht.nl\/de\/wp-json\/wp\/v2\/comments?post=9659"}],"version-history":[{"count":1,"href":"https:\/\/camperelfstedentocht.nl\/de\/wp-json\/wp\/v2\/pages\/9659\/revisions"}],"predecessor-version":[{"id":9661,"href":"https:\/\/camperelfstedentocht.nl\/de\/wp-json\/wp\/v2\/pages\/9659\/revisions\/9661"}],"wp:featuredmedia":[{"embeddable":true,"href":"https:\/\/camperelfstedentocht.nl\/de\/wp-json\/wp\/v2\/media\/9660"}],"wp:attachment":[{"href":"https:\/\/camperelfstedentocht.nl\/de\/wp-json\/wp\/v2\/media?parent=9659"}],"curies":[{"name":"wp","href":"https:\/\/api.w.org\/{rel}","templated":true}]}}